{"id":1457,"date":"2025-03-05T19:16:33","date_gmt":"2025-03-06T02:16:33","guid":{"rendered":"https:\/\/similasan.ca\/our-story\/"},"modified":"2025-04-02T15:52:31","modified_gmt":"2025-04-02T21:52:31","slug":"nuestra-historia","status":"publish","type":"page","link":"https:\/\/similasan.ca\/fr\/nuestra-historia\/","title":{"rendered":"Notre histoire"},"content":{"rendered":"<p><div class=\"fusion-fullwidth fullwidth-box fusion-builder-row-1 fusion-flex-container has-pattern-background has-mask-background nonhundred-percent-fullwidth non-hundred-percent-height-scrolling\" style=\"--awb-border-radius-top-left:0px;--awb-border-radius-top-right:0px;--awb-border-radius-bottom-right:0px;--awb-border-radius-bottom-left:0px;--awb-flex-wrap:wrap;\" ><div class=\"fusion-builder-row fusion-row fusion-flex-align-items-flex-start fusion-flex-content-wrap\" style=\"max-width:1442px;margin-left: calc(-3% \/ 2 );margin-right: calc(-3% \/ 2 );\"><div class=\"fusion-layout-column fusion_builder_column fusion-builder-column-0 fusion_builder_column_1_1 1_1 fusion-flex-column\" style=\"--awb-bg-size:cover;--awb-width-large:100%;--awb-margin-top-large:0px;--awb-spacing-right-large:1.455%;--awb-margin-bottom-large:35px;--awb-spacing-left-large:1.455%;--awb-width-medium:100%;--awb-order-medium:0;--awb-spacing-right-medium:1.455%;--awb-spacing-left-medium:1.455%;--awb-width-small:100%;--awb-order-small:0;--awb-spacing-right-small:1.455%;--awb-margin-bottom-small:10px;--awb-spacing-left-small:1.455%;\" data-scroll-devices=\"small-visibility,medium-visibility,large-visibility\"><div class=\"fusion-column-wrapper fusion-column-has-shadow fusion-flex-justify-content-flex-start fusion-content-layout-column\"><div class=\"fusion-title title fusion-title-1 fusion-sep-none fusion-title-text fusion-title-size-one\" style=\"--awb-margin-top-small:10px;--awb-margin-right-small:0px;--awb-margin-bottom-small:10px;--awb-margin-left-small:0px;\"><h1 class=\"fusion-title-heading title-heading-left fusion-responsive-typography-calculated\" style=\"margin:0;--fontSize:50;line-height:var(--awb-typography1-line-height);\">Notre histoire<\/h1><\/div><\/div><\/div><\/div><\/div>\n<div class=\"fusion-fullwidth fullwidth-box fusion-builder-row-2 fusion-flex-container has-pattern-background has-mask-background nonhundred-percent-fullwidth non-hundred-percent-height-scrolling\" style=\"--awb-border-radius-top-left:0px;--awb-border-radius-top-right:0px;--awb-border-radius-bottom-right:0px;--awb-border-radius-bottom-left:0px;--awb-flex-wrap:wrap;\" ><div class=\"fusion-builder-row fusion-row fusion-flex-align-items-flex-start fusion-flex-content-wrap\" style=\"max-width:1442px;margin-left: calc(-3% \/ 2 );margin-right: calc(-3% \/ 2 );\"><div class=\"fusion-layout-column fusion_builder_column fusion-builder-column-1 fusion_builder_column_1_1 1_1 fusion-flex-column\" style=\"--awb-padding-right:35px;--awb-padding-left:35px;--awb-padding-right-small:7px;--awb-padding-left-small:7px;--awb-bg-size:cover;--awb-width-large:100%;--awb-margin-top-large:0px;--awb-spacing-right-large:1.455%;--awb-margin-bottom-large:0px;--awb-spacing-left-large:1.455%;--awb-width-medium:100%;--awb-order-medium:0;--awb-spacing-right-medium:1.455%;--awb-spacing-left-medium:1.455%;--awb-width-small:100%;--awb-order-small:0;--awb-spacing-right-small:1.455%;--awb-spacing-left-small:1.455%;\" data-scroll-devices=\"small-visibility,medium-visibility,large-visibility\"><div class=\"fusion-column-wrapper fusion-column-has-shadow fusion-flex-justify-content-flex-start fusion-content-layout-column\"><div class=\"fusion-builder-row fusion-builder-row-inner fusion-row fusion-flex-align-items-flex-start fusion-flex-content-wrap\" style=\"--awb-flex-grow:0;--awb-flex-grow-medium:0;--awb-flex-grow-small:0;--awb-flex-shrink:0;--awb-flex-shrink-medium:0;--awb-flex-shrink-small:0;width:103% !important;max-width:103% !important;margin-left: calc(-3% \/ 2 );margin-right: calc(-3% \/ 2 );\"><div class=\"fusion-layout-column fusion_builder_column_inner fusion-builder-nested-column-0 fusion_builder_column_inner_1_4 1_4 fusion-flex-column\" style=\"--awb-bg-size:cover;--awb-width-large:25%;--awb-margin-top-large:0px;--awb-spacing-right-large:5.82%;--awb-margin-bottom-large:0px;--awb-spacing-left-large:5.82%;--awb-width-medium:25%;--awb-order-medium:0;--awb-spacing-right-medium:5.82%;--awb-spacing-left-medium:5.82%;--awb-width-small:100%;--awb-order-small:0;--awb-spacing-right-small:1.455%;--awb-spacing-left-small:1.455%;\" data-scroll-devices=\"small-visibility,medium-visibility,large-visibility\"><div class=\"fusion-column-wrapper fusion-column-has-shadow fusion-flex-justify-content-flex-start fusion-content-layout-column\"><div class=\"fusion-image-element \" style=\"text-align:left;--awb-caption-title-font-family:var(--h2_typography-font-family);--awb-caption-title-font-weight:var(--h2_typography-font-weight);--awb-caption-title-font-style:var(--h2_typography-font-style);--awb-caption-title-size:var(--h2_typography-font-size);--awb-caption-title-transform:var(--h2_typography-text-transform);--awb-caption-title-line-height:var(--h2_typography-line-height);--awb-caption-title-letter-spacing:var(--h2_typography-letter-spacing);\"><span class=\" fusion-imageframe imageframe-none imageframe-1 hover-type-none\"><img decoding=\"async\" width=\"350\" height=\"449\" alt=\"Bureaux de Similasan en Suisse\" title=\"Bureaux de Similasan en Suisse\" src=\"https:\/\/similasan.ca\/wp-content\/uploads\/2025\/03\/Similasan_Swiss_office.jpg\" class=\"img-responsive wp-image-1458\" srcset=\"https:\/\/similasan.ca\/wp-content\/uploads\/2025\/03\/Similasan_Swiss_office-200x257.jpg 200w, https:\/\/similasan.ca\/wp-content\/uploads\/2025\/03\/Similasan_Swiss_office.jpg 350w\" sizes=\"(max-width: 767px) 100vw, 350px\" \/><\/span><\/div><\/div><\/div><div class=\"fusion-layout-column fusion_builder_column_inner fusion-builder-nested-column-1 fusion_builder_column_inner_1_2 1_2 fusion-flex-column\" style=\"--awb-bg-size:cover;--awb-width-large:50%;--awb-margin-top-large:0px;--awb-spacing-right-large:2.91%;--awb-margin-bottom-large:0px;--awb-spacing-left-large:2.91%;--awb-width-medium:75%;--awb-order-medium:0;--awb-spacing-right-medium:1.94%;--awb-spacing-left-medium:1.94%;--awb-width-small:100%;--awb-order-small:0;--awb-spacing-right-small:1.455%;--awb-spacing-left-small:1.455%;\" data-scroll-devices=\"small-visibility,medium-visibility,large-visibility\"><div class=\"fusion-column-wrapper fusion-column-has-shadow fusion-flex-justify-content-flex-start fusion-content-layout-column\"><div class=\"fusion-title title fusion-title-2 fusion-sep-none fusion-title-text fusion-title-size-three\" style=\"--awb-margin-top-small:10px;--awb-margin-right-small:0px;--awb-margin-bottom-small:10px;--awb-margin-left-small:0px;\"><h3 class=\"fusion-title-heading title-heading-left fusion-responsive-typography-calculated\" style=\"margin:0;--fontSize:30;line-height:var(--awb-typography1-line-height);\">Le d\u00e9but<\/h3><\/div><div class=\"fusion-text fusion-text-1\"><p>Similasan AG \u00e0 Jonen en Suisse a \u00e9t\u00e9 fond\u00e9e par le pharmacien suisse Armin Spaeni \u00e0 partir d\u2019une gamme d\u2019une combinaison de rem\u00e8des hom\u00e9opathiques qu\u2019il a cr\u00e9\u00e9s pour son magasin de d\u00e9tail. Apr\u00e8s avoir r\u00e9alis\u00e9 la r\u00e9ussite de ses rem\u00e8des pour le traitement des malaises de ses patients, il a fond\u00e9 Similasan AG avec deux amis \u00e0 Jonen, en Suisse, en 1980 afin de permettre la fabrication de grandes quantit\u00e9s de rem\u00e8des pour leur client\u00e8le \u00e0 croissance rapide. Similasan est rapidement devenue l\u2019une des marques les plus populaires dans les pharmacies en Suisse, o\u00f9 elle demeure un des meilleurs vendeurs de rem\u00e8des en vente libre.<\/p>\n<\/div><\/div><\/div><div class=\"fusion-layout-column fusion_builder_column_inner fusion-builder-nested-column-2 fusion_builder_column_inner_1_4 1_4 fusion-flex-column fusion-no-small-visibility fusion-no-medium-visibility\" style=\"--awb-bg-size:cover;--awb-width-large:25%;--awb-margin-top-large:0px;--awb-spacing-right-large:5.82%;--awb-margin-bottom-large:0px;--awb-spacing-left-large:5.82%;--awb-width-medium:25%;--awb-order-medium:0;--awb-spacing-right-medium:5.82%;--awb-spacing-left-medium:5.82%;--awb-width-small:100%;--awb-order-small:0;--awb-spacing-right-small:1.455%;--awb-spacing-left-small:1.455%;\" data-scroll-devices=\"small-visibility,medium-visibility,large-visibility\"><div class=\"fusion-column-wrapper fusion-column-has-shadow fusion-flex-justify-content-flex-start fusion-content-layout-column\"><\/div><\/div><\/div><div class=\"fusion-separator fusion-full-width-sep\" style=\"align-self: center;margin-left: auto;margin-right: auto;margin-top:30px;width:100%;\"><\/div><div class=\"fusion-title title fusion-title-3 fusion-sep-none fusion-title-text fusion-title-size-three\" style=\"--awb-margin-top-small:10px;--awb-margin-right-small:0px;--awb-margin-bottom-small:10px;--awb-margin-left-small:0px;\"><h3 class=\"fusion-title-heading title-heading-left fusion-responsive-typography-calculated\" style=\"margin:0;--fontSize:30;line-height:var(--awb-typography1-line-height);\">Soci\u00e9t\u00e9 Similasan<\/h3><\/div><div class=\"fusion-text fusion-text-2\"><p>Similasan se d\u00e9voue \u00e0 apporter de l\u2019aide aux familles afin qu\u2019elles se sentent bien de se sentir mieux. Nos rem\u00e8des doux aident \u00e0 fournir un soulagement symptomatique temporaire des malaises li\u00e9s aux yeux, aux oreilles, au nez, \u00e0 la t\u00eate et \u00e0 la poitrine. Les produits de Similasan ont \u00e9t\u00e9 lanc\u00e9s au Canada en 2005 pour r\u00e9pondre \u00e0 la demande croissante des professionnels de la sant\u00e9 et des patients canadiens qui choisissent des soins hom\u00e9opathiques.<\/p>\n<p>Les produits Similasan sont fabriqu\u00e9s conform\u00e9ment aux normes pharmaceutiques europ\u00e9ennes et canadiennes. Les m\u00e9dicaments hom\u00e9opathiques de Similasan ont tous re\u00e7u un DIN-HM (num\u00e9ro de licence du produit), qui peut \u00eatre r\u00e9cup\u00e9r\u00e9 en ligne par la base de donn\u00e9es de Sant\u00e9 Canada.<\/p>\n<p>Les produits Similasan sont distribu\u00e9s au Canada par<br \/>\n<a class=\"external-processed\" href=\"http:\/\/mcptri.com\/\" target=\"_blank\" rel=\"noopener noreferrer\" data-cke-saved-href=\"http:\/\/mcptri.com\/\">M.C.P. MCCAUGHEY CONSUMER PRODUCT MANAGEMENT INC.<\/a><br \/>\n3365 Harvester Rd., Suite 204, Burlington, ON L7N 3N2<br \/>\n1-866-627-8745<br \/>\n<a href=\"&#x6d;&#97;&#x69;&#x6c;t&#x6f;&#58;q&#x75;&#101;s&#x74;&#105;&#x6f;&#x6e;s&#x40;&#109;c&#x70;&#116;r&#x69;&#46;&#x63;&#x6f;&#109;\" data-cke-saved-href=\"&#109;&#x61;i&#108;&#x74;o&#58;&#x71;u&#x65;&#x73;&#116;&#x69;o&#110;&#x73;&#64;&#109;&#x63;p&#x74;&#x72;&#105;&#x2e;&#x63;&#111;&#x6d;\">&#x71;&#x75;&#x65;&#115;&#116;io&#x6e;&#x73;&#x40;&#109;&#99;pt&#x72;&#x69;&#x2e;&#99;&#111;m<\/a><\/p>\n<\/div><div class=\"fusion-separator fusion-full-width-sep\" style=\"align-self: center;margin-left: auto;margin-right: auto;margin-top:20px;width:100%;\"><\/div><div class=\"fusion-title title fusion-title-4 fusion-sep-none fusion-title-text fusion-title-size-three\" style=\"--awb-margin-top-small:10px;--awb-margin-right-small:0px;--awb-margin-bottom-small:10px;--awb-margin-left-small:0px;\"><h3 class=\"fusion-title-heading title-heading-left fusion-responsive-typography-calculated\" style=\"margin:0;--fontSize:30;line-height:var(--awb-typography1-line-height);\">\u00c9nonc\u00e9 de la vision<\/h3><\/div><div class=\"fusion-text fusion-text-3 fusion-text-no-margin\" style=\"--awb-margin-bottom:30px;\"><p>Similasan est le fournisseur de produits de bien-\u00eatre pr\u00e9f\u00e9r\u00e9 pour les malaises courants de la vie. Nous nous effor\u00e7ons d\u2019aider afin que les individus se sentent bien de se sentir mieux.<\/p>\n<\/div><div class=\"fusion-separator fusion-full-width-sep\" style=\"align-self: center;margin-left: auto;margin-right: auto;margin-top:20px;width:100%;\"><\/div><div class=\"fusion-title title fusion-title-5 fusion-sep-none fusion-title-text fusion-title-size-three\" style=\"--awb-margin-top-small:10px;--awb-margin-right-small:0px;--awb-margin-bottom-small:10px;--awb-margin-left-small:0px;\"><h3 class=\"fusion-title-heading title-heading-left fusion-responsive-typography-calculated\" style=\"margin:0;--fontSize:30;line-height:var(--awb-typography1-line-height);\">\u00c9nonc\u00e9 de la mission<\/h3><\/div><div class=\"fusion-text fusion-text-4 fusion-text-no-margin\" style=\"--awb-margin-bottom:30px;\"><p>Notre mission est de favoriser la relation entre les individus et la nature afin de r\u00e9aliser la capacit\u00e9 du corps d\u2019atteindre le bien-\u00eatre. Nous y arrivons en d\u00e9veloppant de fa\u00e7on \u00e9cologique et en fournissant des rem\u00e8des \u00e0 base de la nature de la plus haute qualit\u00e9. En ce faisant, non seulement notre croissance en tant qu\u2019entreprise est saine, mais nous sommes aussi plus sains en tant que communaut\u00e9.<\/p>\n<\/div><\/div><\/div><\/div><\/div><\/p>\n","protected":false},"excerpt":{"rendered":"","protected":false},"author":1,"featured_media":0,"parent":0,"menu_order":6,"comment_status":"closed","ping_status":"closed","template":"100-width.php","meta":{"_acf_changed":false,"footnotes":""},"class_list":["post-1457","page","type-page","status-publish","hentry"],"acf":[],"yoast_head":"<!-- This site is optimized with the Yoast SEO plugin v27.4 - https:\/\/yoast.com\/product\/yoast-seo-wordpress\/ -->\n<title>Notre histoire | Similasan Canada<\/title>\n<meta name=\"description\" content=\"Similasan s&#039;engage \u00e0 aider les familles \u00e0 se sentir mieux. Nos rem\u00e8des naturels soulagent temporairement les sympt\u00f4mes des affections oculaires, auriculaires, nasales, c\u00e9r\u00e9brales et thoraciques sans utiliser de produits chimiques agressifs.\" \/>\n<meta name=\"robots\" content=\"index, follow, max-snippet:-1, max-image-preview:large, max-video-preview:-1\" \/>\n<link rel=\"canonical\" href=\"https:\/\/similasan.ca\/fr\/nuestra-historia\/\" \/>\n<meta property=\"og:locale\" content=\"fr_CA\" \/>\n<meta property=\"og:type\" content=\"article\" \/>\n<meta property=\"og:title\" content=\"Notre histoire | Similasan Canada\" \/>\n<meta property=\"og:description\" content=\"Similasan s&#039;engage \u00e0 aider les familles \u00e0 se sentir mieux. Nos rem\u00e8des naturels soulagent temporairement les sympt\u00f4mes des affections oculaires, auriculaires, nasales, c\u00e9r\u00e9brales et thoraciques sans utiliser de produits chimiques agressifs.\" \/>\n<meta property=\"og:url\" content=\"https:\/\/similasan.ca\/fr\/nuestra-historia\/\" \/>\n<meta property=\"og:site_name\" content=\"Similasan Canada\" \/>\n<meta property=\"article:publisher\" content=\"https:\/\/www.facebook.com\/Similasan\" \/>\n<meta property=\"article:modified_time\" content=\"2025-04-02T21:52:31+00:00\" \/>\n<meta property=\"og:image\" content=\"https:\/\/similasan.ca\/wp-content\/uploads\/2025\/03\/Similasan1200.jpg\" \/>\n\t<meta property=\"og:image:width\" content=\"1200\" \/>\n\t<meta property=\"og:image:height\" content=\"675\" \/>\n\t<meta property=\"og:image:type\" content=\"image\/jpeg\" \/>\n<meta name=\"twitter:card\" content=\"summary_large_image\" \/>\n<meta name=\"twitter:label1\" content=\"Estimation du temps de lecture\" \/>\n\t<meta name=\"twitter:data1\" content=\"2 minutes\" \/>\n<script type=\"application\/ld+json\" class=\"yoast-schema-graph\">{\"@context\":\"https:\\\/\\\/schema.org\",\"@graph\":[{\"@type\":\"WebPage\",\"@id\":\"https:\\\/\\\/similasan.ca\\\/fr\\\/nuestra-historia\\\/\",\"url\":\"https:\\\/\\\/similasan.ca\\\/fr\\\/nuestra-historia\\\/\",\"name\":\"Notre histoire | Similasan Canada\",\"isPartOf\":{\"@id\":\"https:\\\/\\\/similasan.ca\\\/fr\\\/#website\"},\"datePublished\":\"2025-03-06T02:16:33+00:00\",\"dateModified\":\"2025-04-02T21:52:31+00:00\",\"description\":\"Similasan s'engage \u00e0 aider les familles \u00e0 se sentir mieux. Nos rem\u00e8des naturels soulagent temporairement les sympt\u00f4mes des affections oculaires, auriculaires, nasales, c\u00e9r\u00e9brales et thoraciques sans utiliser de produits chimiques agressifs.\",\"breadcrumb\":{\"@id\":\"https:\\\/\\\/similasan.ca\\\/fr\\\/nuestra-historia\\\/#breadcrumb\"},\"inLanguage\":\"fr-CA\",\"potentialAction\":[{\"@type\":\"ReadAction\",\"target\":[\"https:\\\/\\\/similasan.ca\\\/fr\\\/nuestra-historia\\\/\"]}]},{\"@type\":\"BreadcrumbList\",\"@id\":\"https:\\\/\\\/similasan.ca\\\/fr\\\/nuestra-historia\\\/#breadcrumb\",\"itemListElement\":[{\"@type\":\"ListItem\",\"position\":1,\"name\":\"Home\",\"item\":\"https:\\\/\\\/similasan.ca\\\/fr\\\/\"},{\"@type\":\"ListItem\",\"position\":2,\"name\":\"Notre histoire\"}]},{\"@type\":\"WebSite\",\"@id\":\"https:\\\/\\\/similasan.ca\\\/fr\\\/#website\",\"url\":\"https:\\\/\\\/similasan.ca\\\/fr\\\/\",\"name\":\"Similasan Canada\",\"description\":\"Feel Good About Feeling Better\u2122\",\"publisher\":{\"@id\":\"https:\\\/\\\/similasan.ca\\\/fr\\\/#organization\"},\"potentialAction\":[{\"@type\":\"SearchAction\",\"target\":{\"@type\":\"EntryPoint\",\"urlTemplate\":\"https:\\\/\\\/similasan.ca\\\/fr\\\/?s={search_term_string}\"},\"query-input\":{\"@type\":\"PropertyValueSpecification\",\"valueRequired\":true,\"valueName\":\"search_term_string\"}}],\"inLanguage\":\"fr-CA\"},{\"@type\":\"Organization\",\"@id\":\"https:\\\/\\\/similasan.ca\\\/fr\\\/#organization\",\"name\":\"Similasan\",\"url\":\"https:\\\/\\\/similasan.ca\\\/fr\\\/\",\"logo\":{\"@type\":\"ImageObject\",\"inLanguage\":\"fr-CA\",\"@id\":\"https:\\\/\\\/similasan.ca\\\/fr\\\/#\\\/schema\\\/logo\\\/image\\\/\",\"url\":\"https:\\\/\\\/similasan.ca\\\/wp-content\\\/uploads\\\/2025\\\/03\\\/Similasan696-1.jpg\",\"contentUrl\":\"https:\\\/\\\/similasan.ca\\\/wp-content\\\/uploads\\\/2025\\\/03\\\/Similasan696-1.jpg\",\"width\":696,\"height\":696,\"caption\":\"Similasan\"},\"image\":{\"@id\":\"https:\\\/\\\/similasan.ca\\\/fr\\\/#\\\/schema\\\/logo\\\/image\\\/\"},\"sameAs\":[\"https:\\\/\\\/www.facebook.com\\\/Similasan\"]}]}<\/script>\n<!-- \/ Yoast SEO plugin. -->","yoast_head_json":{"title":"Notre histoire | Similasan Canada","description":"Similasan s'engage \u00e0 aider les familles \u00e0 se sentir mieux. Nos rem\u00e8des naturels soulagent temporairement les sympt\u00f4mes des affections oculaires, auriculaires, nasales, c\u00e9r\u00e9brales et thoraciques sans utiliser de produits chimiques agressifs.","robots":{"index":"index","follow":"follow","max-snippet":"max-snippet:-1","max-image-preview":"max-image-preview:large","max-video-preview":"max-video-preview:-1"},"canonical":"https:\/\/similasan.ca\/fr\/nuestra-historia\/","og_locale":"fr_CA","og_type":"article","og_title":"Notre histoire | Similasan Canada","og_description":"Similasan s'engage \u00e0 aider les familles \u00e0 se sentir mieux. Nos rem\u00e8des naturels soulagent temporairement les sympt\u00f4mes des affections oculaires, auriculaires, nasales, c\u00e9r\u00e9brales et thoraciques sans utiliser de produits chimiques agressifs.","og_url":"https:\/\/similasan.ca\/fr\/nuestra-historia\/","og_site_name":"Similasan Canada","article_publisher":"https:\/\/www.facebook.com\/Similasan","article_modified_time":"2025-04-02T21:52:31+00:00","og_image":[{"width":1200,"height":675,"url":"https:\/\/similasan.ca\/wp-content\/uploads\/2025\/03\/Similasan1200.jpg","type":"image\/jpeg"}],"twitter_card":"summary_large_image","twitter_misc":{"Estimation du temps de lecture":"2 minutes"},"schema":{"@context":"https:\/\/schema.org","@graph":[{"@type":"WebPage","@id":"https:\/\/similasan.ca\/fr\/nuestra-historia\/","url":"https:\/\/similasan.ca\/fr\/nuestra-historia\/","name":"Notre histoire | Similasan Canada","isPartOf":{"@id":"https:\/\/similasan.ca\/fr\/#website"},"datePublished":"2025-03-06T02:16:33+00:00","dateModified":"2025-04-02T21:52:31+00:00","description":"Similasan s'engage \u00e0 aider les familles \u00e0 se sentir mieux. Nos rem\u00e8des naturels soulagent temporairement les sympt\u00f4mes des affections oculaires, auriculaires, nasales, c\u00e9r\u00e9brales et thoraciques sans utiliser de produits chimiques agressifs.","breadcrumb":{"@id":"https:\/\/similasan.ca\/fr\/nuestra-historia\/#breadcrumb"},"inLanguage":"fr-CA","potentialAction":[{"@type":"ReadAction","target":["https:\/\/similasan.ca\/fr\/nuestra-historia\/"]}]},{"@type":"BreadcrumbList","@id":"https:\/\/similasan.ca\/fr\/nuestra-historia\/#breadcrumb","itemListElement":[{"@type":"ListItem","position":1,"name":"Home","item":"https:\/\/similasan.ca\/fr\/"},{"@type":"ListItem","position":2,"name":"Notre histoire"}]},{"@type":"WebSite","@id":"https:\/\/similasan.ca\/fr\/#website","url":"https:\/\/similasan.ca\/fr\/","name":"Similasan Canada","description":"Feel Good About Feeling Better\u2122","publisher":{"@id":"https:\/\/similasan.ca\/fr\/#organization"},"potentialAction":[{"@type":"SearchAction","target":{"@type":"EntryPoint","urlTemplate":"https:\/\/similasan.ca\/fr\/?s={search_term_string}"},"query-input":{"@type":"PropertyValueSpecification","valueRequired":true,"valueName":"search_term_string"}}],"inLanguage":"fr-CA"},{"@type":"Organization","@id":"https:\/\/similasan.ca\/fr\/#organization","name":"Similasan","url":"https:\/\/similasan.ca\/fr\/","logo":{"@type":"ImageObject","inLanguage":"fr-CA","@id":"https:\/\/similasan.ca\/fr\/#\/schema\/logo\/image\/","url":"https:\/\/similasan.ca\/wp-content\/uploads\/2025\/03\/Similasan696-1.jpg","contentUrl":"https:\/\/similasan.ca\/wp-content\/uploads\/2025\/03\/Similasan696-1.jpg","width":696,"height":696,"caption":"Similasan"},"image":{"@id":"https:\/\/similasan.ca\/fr\/#\/schema\/logo\/image\/"},"sameAs":["https:\/\/www.facebook.com\/Similasan"]}]}},"_links":{"self":[{"href":"https:\/\/similasan.ca\/fr\/wp-json\/wp\/v2\/pages\/1457","targetHints":{"allow":["GET"]}}],"collection":[{"href":"https:\/\/similasan.ca\/fr\/wp-json\/wp\/v2\/pages"}],"about":[{"href":"https:\/\/similasan.ca\/fr\/wp-json\/wp\/v2\/types\/page"}],"author":[{"embeddable":true,"href":"https:\/\/similasan.ca\/fr\/wp-json\/wp\/v2\/users\/1"}],"replies":[{"embeddable":true,"href":"https:\/\/similasan.ca\/fr\/wp-json\/wp\/v2\/comments?post=1457"}],"version-history":[{"count":0,"href":"https:\/\/similasan.ca\/fr\/wp-json\/wp\/v2\/pages\/1457\/revisions"}],"wp:attachment":[{"href":"https:\/\/similasan.ca\/fr\/wp-json\/wp\/v2\/media?parent=1457"}],"curies":[{"name":"wp","href":"https:\/\/api.w.org\/{rel}","templated":true}]}}