{"id":1460,"date":"2025-03-05T19:16:58","date_gmt":"2025-03-06T02:16:58","guid":{"rendered":"https:\/\/similasan.ca\/faqs\/"},"modified":"2025-04-02T15:54:05","modified_gmt":"2025-04-02T21:54:05","slug":"faq","status":"publish","type":"page","link":"https:\/\/similasan.ca\/fr\/faq\/","title":{"rendered":"FAQ"},"content":{"rendered":"<p><div class=\"fusion-fullwidth fullwidth-box fusion-builder-row-1 fusion-flex-container has-pattern-background has-mask-background nonhundred-percent-fullwidth non-hundred-percent-height-scrolling\" style=\"--awb-border-radius-top-left:0px;--awb-border-radius-top-right:0px;--awb-border-radius-bottom-right:0px;--awb-border-radius-bottom-left:0px;--awb-flex-wrap:wrap;\" ><div class=\"fusion-builder-row fusion-row fusion-flex-align-items-flex-start fusion-flex-content-wrap\" style=\"max-width:1442px;margin-left: calc(-3% \/ 2 );margin-right: calc(-3% \/ 2 );\"><div class=\"fusion-layout-column fusion_builder_column fusion-builder-column-0 fusion_builder_column_1_1 1_1 fusion-flex-column\" style=\"--awb-bg-size:cover;--awb-width-large:100%;--awb-margin-top-large:0px;--awb-spacing-right-large:1.455%;--awb-margin-bottom-large:35px;--awb-spacing-left-large:1.455%;--awb-width-medium:100%;--awb-order-medium:0;--awb-spacing-right-medium:1.455%;--awb-spacing-left-medium:1.455%;--awb-width-small:100%;--awb-order-small:0;--awb-spacing-right-small:1.455%;--awb-margin-bottom-small:10px;--awb-spacing-left-small:1.455%;\" data-scroll-devices=\"small-visibility,medium-visibility,large-visibility\"><div class=\"fusion-column-wrapper fusion-column-has-shadow fusion-flex-justify-content-flex-start fusion-content-layout-column\"><div class=\"fusion-title title fusion-title-1 fusion-sep-none fusion-title-text fusion-title-size-one\" style=\"--awb-margin-top-small:10px;--awb-margin-right-small:0px;--awb-margin-bottom-small:10px;--awb-margin-left-small:0px;\"><h1 class=\"fusion-title-heading title-heading-left fusion-responsive-typography-calculated\" style=\"margin:0;--fontSize:50;line-height:var(--awb-typography1-line-height);\">FAQ<\/h1><\/div><\/div><\/div><\/div><\/div>\n<div class=\"fusion-fullwidth fullwidth-box fusion-builder-row-2 fusion-flex-container has-pattern-background has-mask-background nonhundred-percent-fullwidth non-hundred-percent-height-scrolling\" style=\"--awb-border-radius-top-left:0px;--awb-border-radius-top-right:0px;--awb-border-radius-bottom-right:0px;--awb-border-radius-bottom-left:0px;--awb-flex-wrap:wrap;\" ><div class=\"fusion-builder-row fusion-row fusion-flex-align-items-flex-start fusion-flex-content-wrap\" style=\"max-width:1442px;margin-left: calc(-3% \/ 2 );margin-right: calc(-3% \/ 2 );\"><div class=\"fusion-layout-column fusion_builder_column fusion-builder-column-1 fusion_builder_column_1_1 1_1 fusion-flex-column\" style=\"--awb-padding-right:35px;--awb-padding-left:35px;--awb-padding-right-small:7px;--awb-padding-left-small:7px;--awb-bg-size:cover;--awb-width-large:100%;--awb-margin-top-large:0px;--awb-spacing-right-large:1.455%;--awb-margin-bottom-large:0px;--awb-spacing-left-large:1.455%;--awb-width-medium:100%;--awb-order-medium:0;--awb-spacing-right-medium:1.455%;--awb-spacing-left-medium:1.455%;--awb-width-small:100%;--awb-order-small:0;--awb-spacing-right-small:1.455%;--awb-spacing-left-small:1.455%;\" data-scroll-devices=\"small-visibility,medium-visibility,large-visibility\"><div class=\"fusion-column-wrapper fusion-column-has-shadow fusion-flex-justify-content-flex-start fusion-content-layout-column\"><div class=\"fusion-text fusion-text-1\"><p><strong>Vous trouverez ci-dessous une liste des questions les plus courantes au sujet de nos produits. Si vous voulez de plus amples informations, veuillez communiquer avec le service \u00e0 la client\u00e8le de Similasan au 1 800 240-9780, ou envoyez-nous un\u00a0<a href=\"&#109;&#x61;i&#x6c;&#x74;&#111;&#x3a;g&#x65;&#x74;&#105;&#x6e;f&#x6f;&#x40;&#115;&#x69;m&#x69;&#x6c;&#97;&#x73;a&#x6e;&#x75;&#115;&#x61;&#46;&#x63;&#x6f;&#109;\" data-cke-saved-href=\"&#x6d;&#x61;&#x69;&#x6c;&#116;&#111;&#58;&#103;eti&#x6e;&#x66;&#x6f;&#x40;&#x73;&#105;&#109;&#105;las&#x61;&#x6e;&#x75;&#x73;&#x61;&#46;&#99;&#111;m\">courriel<\/a>.<\/strong><\/p>\n<\/div><div class=\"fusion-separator fusion-full-width-sep\" style=\"align-self: center;margin-left: auto;margin-right: auto;margin-top:10px;width:100%;\"><\/div>\n<div class=\"fusion-title title fusion-title-2 fusion-sep-none fusion-title-text fusion-title-size-four\" style=\"--awb-margin-top-small:10px;--awb-margin-right-small:0px;--awb-margin-bottom-small:10px;--awb-margin-left-small:0px;\"><h4 class=\"fusion-title-heading title-heading-left fusion-responsive-typography-calculated\" style=\"margin:0;--fontSize:20;line-height:var(--awb-typography1-line-height);\">Qu\u2019est-ce que l\u2019hom\u00e9opathie?<\/h4><\/div><div class=\"fusion-text fusion-text-2\"><p>L\u2019hom\u00e9opathie (prononc\u00e9e o-m\u00e9-o-pa-ti) utilise des dilutions tr\u00e8s faibles de petites quantit\u00e9s de substances naturelles (c.-\u00e0-d. des plantes, des fleurs, des min\u00e9raux) pour aider \u00e0 soutenir les r\u00e9actions immunitaires dans le corps. L\u2019hom\u00e9opathie est bas\u00e9e sur la \u00ab loi des semblables \u00bb, le principe qu\u2019on peut traiter \u00ab \u00e9gal avec \u00e9gal \u00bb. Par exemple, un rem\u00e8de naturel pour le soulagement des allergies utilise une toute petite quantit\u00e9 de l\u2019allerg\u00e8ne (p. ex. du pollen) pour aider le corps \u00e0 contrer lui-m\u00eame naturellement les sympt\u00f4mes, plut\u00f4t que masquer les sympt\u00f4mes. Les m\u00e9dicaments hom\u00e9opathiques sont utilis\u00e9s par des adultes et des enfants partout au monde.<\/p>\n<p><a href=\"https:\/\/similasan.ca\/fr\/homeopathie\/\">Trouvez de plus amples informations au sujet de l\u2019hom\u00e9opathie ici.<\/a><\/p>\n<\/div><div class=\"fusion-separator fusion-full-width-sep\" style=\"align-self: center;margin-left: auto;margin-right: auto;margin-top:10px;width:100%;\"><\/div>\n<div class=\"fusion-title title fusion-title-3 fusion-sep-none fusion-title-text fusion-title-size-four\" style=\"--awb-margin-top-small:10px;--awb-margin-right-small:0px;--awb-margin-bottom-small:10px;--awb-margin-left-small:0px;\"><h4 class=\"fusion-title-heading title-heading-left fusion-responsive-typography-calculated\" style=\"margin:0;--fontSize:20;line-height:var(--awb-typography1-line-height);\">Les produits hom\u00e9opathiques sont-ils r\u00e9glement\u00e9s par Sant\u00e9 Canada?<\/h4><\/div><div class=\"fusion-text fusion-text-3 fusion-text-no-margin\" style=\"--awb-margin-bottom:30px;\"><p>Les produits hom\u00e9opathiques sont examin\u00e9s et r\u00e9glement\u00e9s par Sant\u00e9 Canada afin d\u2019assurer leur innocuit\u00e9 et que les d\u00e9clarations de chaque produit sont fond\u00e9es, afin que les Canadiens puissent les utiliser de fa\u00e7on s\u00e9curitaire pour maintenir et am\u00e9liorer leur sant\u00e9.<\/p>\n<\/div><div class=\"fusion-separator fusion-full-width-sep\" style=\"align-self: center;margin-left: auto;margin-right: auto;margin-top:10px;width:100%;\"><\/div>\n<div class=\"fusion-title title fusion-title-4 fusion-sep-none fusion-title-text fusion-title-size-four\" style=\"--awb-margin-top-small:10px;--awb-margin-right-small:0px;--awb-margin-bottom-small:10px;--awb-margin-left-small:0px;\"><h4 class=\"fusion-title-heading title-heading-left fusion-responsive-typography-calculated\" style=\"margin:0;--fontSize:20;line-height:var(--awb-typography1-line-height);\">Comment puis-je utiliser les produits de Similasan?<\/h4><\/div><div class=\"fusion-text fusion-text-4 fusion-text-no-margin\" style=\"--awb-margin-bottom:30px;\"><p>Veuillez consulter les pages des produits pour des directives sp\u00e9cifiques sur la fa\u00e7on d\u2019utiliser les produits de Similasan.<\/p>\n<\/div><div class=\"fusion-separator fusion-full-width-sep\" style=\"align-self: center;margin-left: auto;margin-right: auto;margin-top:10px;width:100%;\"><\/div>\n<div class=\"fusion-title title fusion-title-5 fusion-sep-none fusion-title-text fusion-title-size-four\" style=\"--awb-margin-top-small:10px;--awb-margin-right-small:0px;--awb-margin-bottom-small:10px;--awb-margin-left-small:0px;\"><h4 class=\"fusion-title-heading title-heading-left fusion-responsive-typography-calculated\" style=\"margin:0;--fontSize:20;line-height:var(--awb-typography1-line-height);\">Est-ce que je peux toujours utiliser le produit apr\u00e8s 30 jours?<\/h4><\/div><div class=\"fusion-text fusion-text-5 fusion-text-no-margin\" style=\"--awb-margin-bottom:30px;\"><p>Les gouttes oculaires de Similasan utilisent un agent de conservation l\u00e9ger qui assure que le produit sera libre de contaminants pour 30 jours apr\u00e8s son ouverture. Si le produit n\u2019a pas \u00e9t\u00e9 contamin\u00e9, vous pouvez continuer de l\u2019utiliser jusqu\u2019\u00e0 ce que vous vidiez la bouteille. Une fa\u00e7on de tester la pr\u00e9sence de contamination est de regarder la couleur du liquide dans la bouteille. Commencez en vous lavant les mains. Avec les mains propres, retirez le couvercle et placez le bout du doigt sur le trou dans le haut de la bouteille. Tenez la bouteille pr\u00e8s d\u2019une lumi\u00e8re brillante ou une fen\u00eatre, et tournez la bouteille \u00e0 l\u2019envers. Si le liquide est clair (aucun aspect trouble, aucun changement de la couleur), il devrait \u00eatre bon \u00e0 utiliser. Puisque le produit n\u2019est plus garanti apr\u00e8s 30 jours, continuez de le v\u00e9rifier avant chaque utilisation. Disposez du produit \u00e0 l\u2019arriv\u00e9e de sa date d\u2019expiration.<\/p>\n<\/div><div class=\"fusion-separator fusion-full-width-sep\" style=\"align-self: center;margin-left: auto;margin-right: auto;margin-top:10px;width:100%;\"><\/div>\n<div class=\"fusion-title title fusion-title-6 fusion-sep-none fusion-title-text fusion-title-size-four\" style=\"--awb-margin-top-small:10px;--awb-margin-right-small:0px;--awb-margin-bottom-small:10px;--awb-margin-left-small:0px;\"><h4 class=\"fusion-title-heading title-heading-left fusion-responsive-typography-calculated\" style=\"margin:0;--fontSize:20;line-height:var(--awb-typography1-line-height);\">Puis-je utiliser les gouttes oculaires de Similasan avec mes lentilles de contact?<\/h4><\/div><div class=\"fusion-text fusion-text-6 fusion-text-no-margin\" style=\"--awb-margin-bottom:30px;\"><p>Similasan a test\u00e9 de fa\u00e7on formelle ses gouttes oculaires pour la compatibilit\u00e9 avec les lentilles de contact. En raison des ingr\u00e9dients m\u00e9dicinaux naturels, il n\u2019y a rien dans le produit qui endommage les lentilles. Les gouttes n\u2019endommageront pas vos lentilles de contact, cependant, si vous avez des allergies ou de la rougeur, c\u2019est mieux d\u2019\u00e9viter les lentilles de contact pour un certain temps, jusqu\u2019\u00e0 ce que les sympt\u00f4mes soient partis. Les allerg\u00e8nes et les irritants peuvent \u00eatre coinc\u00e9s sous les lentilles et emp\u00eacher les gouttes d\u2019agir aussi bien qu\u2019elles devraient.<\/p>\n<\/div><div class=\"fusion-separator fusion-full-width-sep\" style=\"align-self: center;margin-left: auto;margin-right: auto;margin-top:10px;width:100%;\"><\/div>\n<div class=\"fusion-title title fusion-title-7 fusion-sep-none fusion-title-text fusion-title-size-four\" style=\"--awb-margin-top-small:10px;--awb-margin-right-small:0px;--awb-margin-bottom-small:10px;--awb-margin-left-small:0px;\"><h4 class=\"fusion-title-heading title-heading-left fusion-responsive-typography-calculated\" style=\"margin:0;--fontSize:20;line-height:var(--awb-typography1-line-height);\">Puis-je utiliser les produits de Similasan lorsque je suis enceinte ou lorsque j\u2019allaite?<\/h4><\/div><div class=\"fusion-text fusion-text-7 fusion-text-no-margin\" style=\"--awb-margin-bottom:30px;\"><p>Comme c\u2019est le cas avec tous les produits en vente libre, si vous \u00eates enceinte, vous essayez de le devenir, ou allaitez, vous devriez consulter votre fournisseur de soins de la sant\u00e9 avant d\u2019utiliser nos produits. Si possible, consultez un fournisseur de soins de la sant\u00e9 qui conna\u00eet les produits hom\u00e9opathiques.<\/p>\n<\/div><div class=\"fusion-separator fusion-full-width-sep\" style=\"align-self: center;margin-left: auto;margin-right: auto;margin-top:10px;width:100%;\"><\/div>\n<div class=\"fusion-title title fusion-title-8 fusion-sep-none fusion-title-text fusion-title-size-four\" style=\"--awb-margin-top-small:10px;--awb-margin-right-small:0px;--awb-margin-bottom-small:10px;--awb-margin-left-small:0px;\"><h4 class=\"fusion-title-heading title-heading-left fusion-responsive-typography-calculated\" style=\"margin:0;--fontSize:20;line-height:var(--awb-typography1-line-height);\">Mon m\u00e9decin ne conna\u00eet pas les produits Similasan ou leur fonctionnement. O\u00f9 puis-je trouver un m\u00e9decin qui les conna\u00eet?<\/h4><\/div><div class=\"fusion-text fusion-text-8 fusion-text-no-margin\" style=\"--awb-margin-bottom:30px;\"><p>Nous vous recommandons de consulter un m\u00e9decin ayant re\u00e7u une formation en hom\u00e9opathie. <a href=\"http:\/\/www.csoh.ca\/\" target=\"_blank\" rel=\"noopener\">La soci\u00e9t\u00e9 canadienne d\u2019hom\u00e9opathes (Canadian Society of Homeopaths)<\/a> publie une liste des hom\u00e9opathes sur son site Internet.<\/p>\n<\/div><div class=\"fusion-separator fusion-full-width-sep\" style=\"align-self: center;margin-left: auto;margin-right: auto;margin-top:10px;width:100%;\"><\/div>\n<div class=\"fusion-title title fusion-title-9 fusion-sep-none fusion-title-text fusion-title-size-four\" style=\"--awb-margin-top-small:10px;--awb-margin-right-small:0px;--awb-margin-bottom-small:10px;--awb-margin-left-small:0px;\"><h4 class=\"fusion-title-heading title-heading-left fusion-responsive-typography-calculated\" style=\"margin:0;--fontSize:20;line-height:var(--awb-typography1-line-height);\">Est-ce que Similasan a une garantie de satisfaction?<\/h4><\/div><div class=\"fusion-text fusion-text-9 fusion-text-no-margin\" style=\"--awb-margin-bottom:30px;\"><p>Oui. Si vous n\u2019\u00eates pas satisfait avec les produits de Similasan pour toute raison, retournez simplement le produit au magasin avec votre re\u00e7u pour un remboursement complet.<\/p>\n<\/div><div class=\"fusion-separator fusion-full-width-sep\" style=\"align-self: center;margin-left: auto;margin-right: auto;margin-top:10px;width:100%;\"><\/div>\n<div class=\"fusion-title title fusion-title-10 fusion-sep-none fusion-title-text fusion-title-size-four\" style=\"--awb-margin-top-small:10px;--awb-margin-right-small:0px;--awb-margin-bottom-small:10px;--awb-margin-left-small:0px;\"><h4 class=\"fusion-title-heading title-heading-left fusion-responsive-typography-calculated\" style=\"margin:0;--fontSize:20;line-height:var(--awb-typography1-line-height);\">Est-ce que Similasan effectue des tests sur les animaux?<\/h4><\/div><div class=\"fusion-text fusion-text-10 fusion-text-no-margin\" style=\"--awb-margin-bottom:30px;\"><p>Non. Les produits de Similasan n\u2019ont jamais \u00e9t\u00e9 test\u00e9s sur les animaux.<\/p>\n<\/div><div class=\"fusion-separator fusion-full-width-sep\" style=\"align-self: center;margin-left: auto;margin-right: auto;margin-top:10px;width:100%;\"><\/div>\n<div class=\"fusion-title title fusion-title-11 fusion-sep-none fusion-title-text fusion-title-size-four\" style=\"--awb-margin-top-small:10px;--awb-margin-right-small:0px;--awb-margin-bottom-small:10px;--awb-margin-left-small:0px;\"><h4 class=\"fusion-title-heading title-heading-left fusion-responsive-typography-calculated\" style=\"margin:0;--fontSize:20;line-height:var(--awb-typography1-line-height);\">Les produits de Similasan causent-ils une d\u00e9pendance ou un \u00ab effet de rebond \u00bb?<\/h4><\/div><div class=\"fusion-text fusion-text-11 fusion-text-no-margin\" style=\"--awb-margin-bottom:30px;\"><p>Bien que certains m\u00e9dicaments en vente libre (gouttes oculaires et d\u00e9congestionnants nasaux) \u00e9liminent ou \u00ab masquent \u00bb les sympt\u00f4mes de fa\u00e7on temporaire, les m\u00eames sympt\u00f4mes reviennent souvent avec de plus courtes p\u00e9riodes de soulagement entre les doses. Pour cette raison, plusieurs personnes d\u00e9veloppent une d\u00e9pendance aux gouttes oculaires et aux d\u00e9congestionnants nasaux en vente libre. Les formules originales suisses de Similasan sont destin\u00e9es \u00e0 stimuler la capacit\u00e9 naturelle du corps pour fournir un soulagement aux sympt\u00f4mes de malaises courants. Il n\u2019y a aucune pr\u00e9occupation d\u2019accumulation toxique ni d\u2019un effet de rebond avec aucun produit de Similasan.<\/p>\n<\/div><div class=\"fusion-separator fusion-full-width-sep\" style=\"align-self: center;margin-left: auto;margin-right: auto;margin-top:10px;width:100%;\"><\/div>\n<div class=\"fusion-title title fusion-title-12 fusion-sep-none fusion-title-text fusion-title-size-four\" style=\"--awb-margin-top-small:10px;--awb-margin-right-small:0px;--awb-margin-bottom-small:10px;--awb-margin-left-small:0px;\"><h4 class=\"fusion-title-heading title-heading-left fusion-responsive-typography-calculated\" style=\"margin:0;--fontSize:20;line-height:var(--awb-typography1-line-height);\">Comment puis-je communiquer avec Similasan?<\/h4><\/div><div class=\"fusion-text fusion-text-12 fusion-text-no-margin\" style=\"--awb-margin-bottom:30px;\"><p>Du Canada et des \u00c9tats-Unis, composez le 1-800-240-9780 ou envoyez-nous un\u00a0<a title=\"courriel\" href=\"&#x6d;&#x61;&#x69;&#x6c;&#x74;&#x6f;&#x3a;&#x67;&#101;&#116;&#105;&#110;&#102;&#111;&#64;simi&#x6c;&#x61;&#x73;&#x61;&#x6e;&#x2e;&#x63;&#x61;\" data-cke-saved-href=\"&#x6d;&#97;&#x69;&#x6c;&#116;&#x6f;&#x3a;&#103;&#x65;&#x74;&#105;&#x6e;&#x66;o&#x40;&#x73;i&#x6d;&#105;l&#x61;&#115;a&#x6e;&#46;c&#x61;\">courriel<\/a>. Si vous d\u00e9sirez en savoir plus sur les produits et services de Similasan \u00e0 l\u2019ext\u00e9rieur de l\u2019Am\u00e9rique du Nord, nous vous invitons \u00e0 visiter l\u2019adresse. <a href=\"https:\/\/www.similasan.com\" target=\"_blank\" rel=\"noopener\">www.similasan.com<\/a>.<\/p>\n<\/div><\/div><\/div><\/div><\/div><\/p>\n","protected":false},"excerpt":{"rendered":"","protected":false},"author":1,"featured_media":0,"parent":0,"menu_order":7,"comment_status":"closed","ping_status":"closed","template":"100-width.php","meta":{"_acf_changed":false,"footnotes":""},"class_list":["post-1460","page","type-page","status-publish","hentry"],"acf":[],"yoast_head":"<!-- This site is optimized with the Yoast SEO plugin v27.4 - https:\/\/yoast.com\/product\/yoast-seo-wordpress\/ -->\n<title>Gouttes hom\u00e9opathiques pour les yeux, les oreilles et le nez | Similasan Canada<\/title>\n<meta name=\"description\" content=\"Similasan s&#039;engage \u00e0 aider les familles \u00e0 se sentir mieux. Nos rem\u00e8des naturels soulagent temporairement les sympt\u00f4mes des affections oculaires, auriculaires, nasales, c\u00e9r\u00e9brales et thoraciques sans utiliser de produits chimiques agressifs.\" \/>\n<meta name=\"robots\" content=\"index, follow, max-snippet:-1, max-image-preview:large, max-video-preview:-1\" \/>\n<link rel=\"canonical\" href=\"https:\/\/similasan.ca\/fr\/faq\/\" \/>\n<meta property=\"og:locale\" content=\"fr_CA\" \/>\n<meta property=\"og:type\" content=\"article\" \/>\n<meta property=\"og:title\" content=\"Gouttes hom\u00e9opathiques pour les yeux, les oreilles et le nez | Similasan Canada\" \/>\n<meta property=\"og:description\" content=\"Similasan s&#039;engage \u00e0 aider les familles \u00e0 se sentir mieux. Nos rem\u00e8des naturels soulagent temporairement les sympt\u00f4mes des affections oculaires, auriculaires, nasales, c\u00e9r\u00e9brales et thoraciques sans utiliser de produits chimiques agressifs.\" \/>\n<meta property=\"og:url\" content=\"https:\/\/similasan.ca\/fr\/faq\/\" \/>\n<meta property=\"og:site_name\" content=\"Similasan Canada\" \/>\n<meta property=\"article:publisher\" content=\"https:\/\/www.facebook.com\/Similasan\" \/>\n<meta property=\"article:modified_time\" content=\"2025-04-02T21:54:05+00:00\" \/>\n<meta property=\"og:image\" content=\"https:\/\/similasan.ca\/wp-content\/uploads\/2025\/03\/Similasan1200.jpg\" \/>\n\t<meta property=\"og:image:width\" content=\"1200\" \/>\n\t<meta property=\"og:image:height\" content=\"675\" \/>\n\t<meta property=\"og:image:type\" content=\"image\/jpeg\" \/>\n<meta name=\"twitter:card\" content=\"summary_large_image\" \/>\n<meta name=\"twitter:label1\" content=\"Estimation du temps de lecture\" \/>\n\t<meta name=\"twitter:data1\" content=\"4 minutes\" \/>\n<script type=\"application\/ld+json\" class=\"yoast-schema-graph\">{\"@context\":\"https:\\\/\\\/schema.org\",\"@graph\":[{\"@type\":\"WebPage\",\"@id\":\"https:\\\/\\\/similasan.ca\\\/fr\\\/faq\\\/\",\"url\":\"https:\\\/\\\/similasan.ca\\\/fr\\\/faq\\\/\",\"name\":\"Gouttes hom\u00e9opathiques pour les yeux, les oreilles et le nez | Similasan Canada\",\"isPartOf\":{\"@id\":\"https:\\\/\\\/similasan.ca\\\/fr\\\/#website\"},\"datePublished\":\"2025-03-06T02:16:58+00:00\",\"dateModified\":\"2025-04-02T21:54:05+00:00\",\"description\":\"Similasan s'engage \u00e0 aider les familles \u00e0 se sentir mieux. Nos rem\u00e8des naturels soulagent temporairement les sympt\u00f4mes des affections oculaires, auriculaires, nasales, c\u00e9r\u00e9brales et thoraciques sans utiliser de produits chimiques agressifs.\",\"breadcrumb\":{\"@id\":\"https:\\\/\\\/similasan.ca\\\/fr\\\/faq\\\/#breadcrumb\"},\"inLanguage\":\"fr-CA\",\"potentialAction\":[{\"@type\":\"ReadAction\",\"target\":[\"https:\\\/\\\/similasan.ca\\\/fr\\\/faq\\\/\"]}]},{\"@type\":\"BreadcrumbList\",\"@id\":\"https:\\\/\\\/similasan.ca\\\/fr\\\/faq\\\/#breadcrumb\",\"itemListElement\":[{\"@type\":\"ListItem\",\"position\":1,\"name\":\"Home\",\"item\":\"https:\\\/\\\/similasan.ca\\\/fr\\\/\"},{\"@type\":\"ListItem\",\"position\":2,\"name\":\"FAQ\"}]},{\"@type\":\"WebSite\",\"@id\":\"https:\\\/\\\/similasan.ca\\\/fr\\\/#website\",\"url\":\"https:\\\/\\\/similasan.ca\\\/fr\\\/\",\"name\":\"Similasan Canada\",\"description\":\"Feel Good About Feeling Better\u2122\",\"publisher\":{\"@id\":\"https:\\\/\\\/similasan.ca\\\/fr\\\/#organization\"},\"potentialAction\":[{\"@type\":\"SearchAction\",\"target\":{\"@type\":\"EntryPoint\",\"urlTemplate\":\"https:\\\/\\\/similasan.ca\\\/fr\\\/?s={search_term_string}\"},\"query-input\":{\"@type\":\"PropertyValueSpecification\",\"valueRequired\":true,\"valueName\":\"search_term_string\"}}],\"inLanguage\":\"fr-CA\"},{\"@type\":\"Organization\",\"@id\":\"https:\\\/\\\/similasan.ca\\\/fr\\\/#organization\",\"name\":\"Similasan\",\"url\":\"https:\\\/\\\/similasan.ca\\\/fr\\\/\",\"logo\":{\"@type\":\"ImageObject\",\"inLanguage\":\"fr-CA\",\"@id\":\"https:\\\/\\\/similasan.ca\\\/fr\\\/#\\\/schema\\\/logo\\\/image\\\/\",\"url\":\"https:\\\/\\\/similasan.ca\\\/wp-content\\\/uploads\\\/2025\\\/03\\\/Similasan696-1.jpg\",\"contentUrl\":\"https:\\\/\\\/similasan.ca\\\/wp-content\\\/uploads\\\/2025\\\/03\\\/Similasan696-1.jpg\",\"width\":696,\"height\":696,\"caption\":\"Similasan\"},\"image\":{\"@id\":\"https:\\\/\\\/similasan.ca\\\/fr\\\/#\\\/schema\\\/logo\\\/image\\\/\"},\"sameAs\":[\"https:\\\/\\\/www.facebook.com\\\/Similasan\"]}]}<\/script>\n<!-- \/ Yoast SEO plugin. -->","yoast_head_json":{"title":"Gouttes hom\u00e9opathiques pour les yeux, les oreilles et le nez | Similasan Canada","description":"Similasan s'engage \u00e0 aider les familles \u00e0 se sentir mieux. Nos rem\u00e8des naturels soulagent temporairement les sympt\u00f4mes des affections oculaires, auriculaires, nasales, c\u00e9r\u00e9brales et thoraciques sans utiliser de produits chimiques agressifs.","robots":{"index":"index","follow":"follow","max-snippet":"max-snippet:-1","max-image-preview":"max-image-preview:large","max-video-preview":"max-video-preview:-1"},"canonical":"https:\/\/similasan.ca\/fr\/faq\/","og_locale":"fr_CA","og_type":"article","og_title":"Gouttes hom\u00e9opathiques pour les yeux, les oreilles et le nez | Similasan Canada","og_description":"Similasan s'engage \u00e0 aider les familles \u00e0 se sentir mieux. Nos rem\u00e8des naturels soulagent temporairement les sympt\u00f4mes des affections oculaires, auriculaires, nasales, c\u00e9r\u00e9brales et thoraciques sans utiliser de produits chimiques agressifs.","og_url":"https:\/\/similasan.ca\/fr\/faq\/","og_site_name":"Similasan Canada","article_publisher":"https:\/\/www.facebook.com\/Similasan","article_modified_time":"2025-04-02T21:54:05+00:00","og_image":[{"width":1200,"height":675,"url":"https:\/\/similasan.ca\/wp-content\/uploads\/2025\/03\/Similasan1200.jpg","type":"image\/jpeg"}],"twitter_card":"summary_large_image","twitter_misc":{"Estimation du temps de lecture":"4 minutes"},"schema":{"@context":"https:\/\/schema.org","@graph":[{"@type":"WebPage","@id":"https:\/\/similasan.ca\/fr\/faq\/","url":"https:\/\/similasan.ca\/fr\/faq\/","name":"Gouttes hom\u00e9opathiques pour les yeux, les oreilles et le nez | Similasan Canada","isPartOf":{"@id":"https:\/\/similasan.ca\/fr\/#website"},"datePublished":"2025-03-06T02:16:58+00:00","dateModified":"2025-04-02T21:54:05+00:00","description":"Similasan s'engage \u00e0 aider les familles \u00e0 se sentir mieux. Nos rem\u00e8des naturels soulagent temporairement les sympt\u00f4mes des affections oculaires, auriculaires, nasales, c\u00e9r\u00e9brales et thoraciques sans utiliser de produits chimiques agressifs.","breadcrumb":{"@id":"https:\/\/similasan.ca\/fr\/faq\/#breadcrumb"},"inLanguage":"fr-CA","potentialAction":[{"@type":"ReadAction","target":["https:\/\/similasan.ca\/fr\/faq\/"]}]},{"@type":"BreadcrumbList","@id":"https:\/\/similasan.ca\/fr\/faq\/#breadcrumb","itemListElement":[{"@type":"ListItem","position":1,"name":"Home","item":"https:\/\/similasan.ca\/fr\/"},{"@type":"ListItem","position":2,"name":"FAQ"}]},{"@type":"WebSite","@id":"https:\/\/similasan.ca\/fr\/#website","url":"https:\/\/similasan.ca\/fr\/","name":"Similasan Canada","description":"Feel Good About Feeling Better\u2122","publisher":{"@id":"https:\/\/similasan.ca\/fr\/#organization"},"potentialAction":[{"@type":"SearchAction","target":{"@type":"EntryPoint","urlTemplate":"https:\/\/similasan.ca\/fr\/?s={search_term_string}"},"query-input":{"@type":"PropertyValueSpecification","valueRequired":true,"valueName":"search_term_string"}}],"inLanguage":"fr-CA"},{"@type":"Organization","@id":"https:\/\/similasan.ca\/fr\/#organization","name":"Similasan","url":"https:\/\/similasan.ca\/fr\/","logo":{"@type":"ImageObject","inLanguage":"fr-CA","@id":"https:\/\/similasan.ca\/fr\/#\/schema\/logo\/image\/","url":"https:\/\/similasan.ca\/wp-content\/uploads\/2025\/03\/Similasan696-1.jpg","contentUrl":"https:\/\/similasan.ca\/wp-content\/uploads\/2025\/03\/Similasan696-1.jpg","width":696,"height":696,"caption":"Similasan"},"image":{"@id":"https:\/\/similasan.ca\/fr\/#\/schema\/logo\/image\/"},"sameAs":["https:\/\/www.facebook.com\/Similasan"]}]}},"_links":{"self":[{"href":"https:\/\/similasan.ca\/fr\/wp-json\/wp\/v2\/pages\/1460","targetHints":{"allow":["GET"]}}],"collection":[{"href":"https:\/\/similasan.ca\/fr\/wp-json\/wp\/v2\/pages"}],"about":[{"href":"https:\/\/similasan.ca\/fr\/wp-json\/wp\/v2\/types\/page"}],"author":[{"embeddable":true,"href":"https:\/\/similasan.ca\/fr\/wp-json\/wp\/v2\/users\/1"}],"replies":[{"embeddable":true,"href":"https:\/\/similasan.ca\/fr\/wp-json\/wp\/v2\/comments?post=1460"}],"version-history":[{"count":0,"href":"https:\/\/similasan.ca\/fr\/wp-json\/wp\/v2\/pages\/1460\/revisions"}],"wp:attachment":[{"href":"https:\/\/similasan.ca\/fr\/wp-json\/wp\/v2\/media?parent=1460"}],"curies":[{"name":"wp","href":"https:\/\/api.w.org\/{rel}","templated":true}]}}