{"id":1507,"date":"2025-03-02T19:57:42","date_gmt":"2025-03-03T02:57:42","guid":{"rendered":"https:\/\/similasan.ca\/privacy-policy\/"},"modified":"2025-04-02T15:52:56","modified_gmt":"2025-04-02T21:52:56","slug":"enonce-de-confidentialite","status":"publish","type":"page","link":"https:\/\/similasan.ca\/fr\/enonce-de-confidentialite\/","title":{"rendered":"\u00c9nonc\u00e9 de confidentialit\u00e9"},"content":{"rendered":"<p><div class=\"fusion-fullwidth fullwidth-box fusion-builder-row-1 fusion-flex-container has-pattern-background has-mask-background nonhundred-percent-fullwidth non-hundred-percent-height-scrolling\" style=\"--awb-border-radius-top-left:0px;--awb-border-radius-top-right:0px;--awb-border-radius-bottom-right:0px;--awb-border-radius-bottom-left:0px;--awb-flex-wrap:wrap;\" ><div class=\"fusion-builder-row fusion-row fusion-flex-align-items-flex-start fusion-flex-content-wrap\" style=\"max-width:1442px;margin-left: calc(-3% \/ 2 );margin-right: calc(-3% \/ 2 );\"><div class=\"fusion-layout-column fusion_builder_column fusion-builder-column-0 fusion_builder_column_1_1 1_1 fusion-flex-column\" style=\"--awb-bg-size:cover;--awb-width-large:100%;--awb-margin-top-large:0px;--awb-spacing-right-large:1.455%;--awb-margin-bottom-large:35px;--awb-spacing-left-large:1.455%;--awb-width-medium:100%;--awb-order-medium:0;--awb-spacing-right-medium:1.455%;--awb-spacing-left-medium:1.455%;--awb-width-small:100%;--awb-order-small:0;--awb-spacing-right-small:1.455%;--awb-margin-bottom-small:10px;--awb-spacing-left-small:1.455%;\" data-scroll-devices=\"small-visibility,medium-visibility,large-visibility\"><div class=\"fusion-column-wrapper fusion-column-has-shadow fusion-flex-justify-content-flex-start fusion-content-layout-column\"><div class=\"fusion-title title fusion-title-1 fusion-sep-none fusion-title-text fusion-title-size-one\" style=\"--awb-margin-top-small:10px;--awb-margin-right-small:0px;--awb-margin-bottom-small:10px;--awb-margin-left-small:0px;\"><h1 class=\"fusion-title-heading title-heading-left fusion-responsive-typography-calculated\" style=\"margin:0;--fontSize:50;line-height:var(--awb-typography1-line-height);\">\u00c9nonc\u00e9 de confidentialit\u00e9<\/h1><\/div><\/div><\/div><\/div><\/div>\n<div class=\"fusion-fullwidth fullwidth-box fusion-builder-row-2 fusion-flex-container has-pattern-background has-mask-background nonhundred-percent-fullwidth non-hundred-percent-height-scrolling\" style=\"--awb-border-radius-top-left:0px;--awb-border-radius-top-right:0px;--awb-border-radius-bottom-right:0px;--awb-border-radius-bottom-left:0px;--awb-flex-wrap:wrap;\" ><div class=\"fusion-builder-row fusion-row fusion-flex-align-items-flex-start fusion-flex-content-wrap\" style=\"max-width:1442px;margin-left: calc(-3% \/ 2 );margin-right: calc(-3% \/ 2 );\"><div class=\"fusion-layout-column fusion_builder_column fusion-builder-column-1 fusion_builder_column_1_1 1_1 fusion-flex-column\" style=\"--awb-padding-right:35px;--awb-padding-left:35px;--awb-padding-right-small:7px;--awb-padding-left-small:7px;--awb-bg-size:cover;--awb-width-large:100%;--awb-margin-top-large:0px;--awb-spacing-right-large:1.455%;--awb-margin-bottom-large:0px;--awb-spacing-left-large:1.455%;--awb-width-medium:100%;--awb-order-medium:0;--awb-spacing-right-medium:1.455%;--awb-spacing-left-medium:1.455%;--awb-width-small:100%;--awb-order-small:0;--awb-spacing-right-small:1.455%;--awb-spacing-left-small:1.455%;\" data-scroll-devices=\"small-visibility,medium-visibility,large-visibility\"><div class=\"fusion-column-wrapper fusion-column-has-shadow fusion-flex-justify-content-flex-start fusion-content-layout-column\"><div class=\"fusion-text fusion-text-1\"><p><strong>Politique de confidentialit\u00e9 du site Web pour le Canada<\/strong><br \/>\nDate d\u2019entr\u00e9e en vigueur : septembre 2020<br \/>\nDerni\u00e8re mise \u00e0 jour : septembre 2020<\/p>\n<p>Chez Similasan Corporation (\u00ab\u00a0<strong>Similasan<\/strong>\u00a0\u00bb), nous nous engageons \u00e0 maintenir l\u2019exactitude, la confidentialit\u00e9 et la s\u00e9curit\u00e9 de vos renseignements personnels. Nous avons d\u00e9velopp\u00e9 cette politique de confidentialit\u00e9 (\u00ab\u00a0<strong>Politique de confidentialit\u00e9<\/strong>\u00a0\u00bb) pour d\u00e9crire nos pratiques et politiques de confidentialit\u00e9 sp\u00e9cifiques et comment nous collectons, utilisons, communiquons, divulguons, conservons ou d\u00e9truisons les renseignements personnels des personnes qui visitent notre site Web sur similasan.ca (le \u00ab\u00a0<strong>Site Web<\/strong>\u00a0\u00bb).<\/p>\n<p><strong>Politique de confidentialit\u00e9 en vigueur pour le Canada<\/strong><br \/>\nSimilasan cherche \u00e0 se conformer aux lois sur la confidentialit\u00e9 de toute juridiction o\u00f9 elle op\u00e8re. Il arrive que les lois sur la confidentialit\u00e9 et\/ou les droits en mati\u00e8re de confidentialit\u00e9 des personnes varient d\u2019une juridiction \u00e0 l\u2019autre. Cette Politique de confidentialit\u00e9 couvre seulement les activit\u00e9s qui sont assujetties aux dispositions des lois sur la confidentialit\u00e9 f\u00e9d\u00e9rales et provinciales, le cas \u00e9ch\u00e9ant.<\/p>\n<p>La port\u00e9e et le champ d\u2019application de cette Politique de confidentialit\u00e9 sont limit\u00e9s. Par cons\u00e9quent, il se peut que les droits et les obligations que contient cette Politique de confidentialit\u00e9 ne s\u2019appliquent pas \u00e0 toutes les personnes ou dans toutes les juridictions.<\/p>\n<p><strong>Que sont les renseignements personnels?<\/strong><br \/>\nAux fins de cette Politique de confidentialit\u00e9, les renseignements personnels sont tout renseignement sur une personne qui permet de l\u2019identifier.<\/p>\n<p><strong>Quels renseignements personnels collectons-nous?<\/strong><br \/>\nVous pouvez visiter notre site Web sans nous dire qui vous \u00eates ou r\u00e9v\u00e9ler quelque renseignement que ce soit sur vous-m\u00eame, y compris votre adresse \u00e9lectronique. Notre serveur Web peut collecter des renseignements en rapport avec votre visite de notre site Web, y compris : adresse IP et domaine utilis\u00e9s pour acc\u00e9der \u00e0 notre site Web; type et version de votre navigateur; site Web o\u00f9 vous vous trouviez avant d\u2019acc\u00e9der \u00e0 notre site Web; page o\u00f9 vous arrivez et d\u2019o\u00f9 vous quittez; n\u2019importe quelle page du site Web qu\u2019affiche l\u2019adresse IP; et votre pays. Nous utilisons ces renseignements pour surveiller la performance de notre site Web (p. ex. nombre de visites, temps moyen pass\u00e9, pages affich\u00e9es) et \u00e0 des fins commerciales, p. ex. nous nous effor\u00e7ons sans cesse d\u2019am\u00e9liorer notre site Web.<\/p>\n<p>Il se peut que vous voyiez des publicit\u00e9s \u00e0 notre sujet sur d\u2019autres sites Web ou dans les m\u00e9dias sociaux que vous visitez. Ce n\u2019est pas parce que nous vous avons identifi\u00e9. Nous ne vous suivons pas quand vous quittez notre site Web et nous ne divulguons pas les renseignements permettant de vous identifier \u00e0 des tiers. Au lieu, il se peut que vous voyiez nos publicit\u00e9s sur d\u2019autres sites Web et dans les m\u00e9dias sociaux parce que vous faites partie d\u2019un profil d\u00e9mographique que nous avons identifi\u00e9 \u00e0 un sp\u00e9cialiste du marketing tiers ou \u00e0 une plate-forme tierce \u00e0 des fins publicitaires. Nous ne fournissons aucun renseignement permettant de vous identifier \u00e0 des sp\u00e9cialistes du marketing tiers, \u00e0 d\u2019autres sites Web ou aux m\u00e9dias sociaux et nous ne recevons aucun enseignement permettant de vous identifier de ces sources.<\/p>\n<p>De plus, nous collectons les renseignements personnels que vous soumettez sur notre site Web, p. ex. vos nom, adresse ou autres coordonn\u00e9es que vous nous fournissez, ainsi :<\/p>\n<p>\u2022 au moyen de la section \u00ab Contactez-nous \u00bb de ce site Web;<br \/>\n\u2022 quand vous communiquez avec un repr\u00e9sentant de Similasan par courriel au moyen des hyperliens cr\u00e9\u00e9s \u00e0 cette fin.<\/p>\n<p>Quand vous demandez que nous vous envoyions de l\u2019information, nous pouvons utiliser l\u2019adresse courriel que vous nous fournissez pour vous envoyer l\u2019information que vous avez demand\u00e9e.<\/p>\n<p><strong>Et \u00e0 propos des liens vers d\u2019autres sites Web?<\/strong><br \/>\nNotre site Web contient des liens vers d\u2019autres sites Web dont les normes de confidentialit\u00e9 peuvent \u00eatre moins rigoureuses. Nous d\u00e9clinons toute responsabilit\u00e9 que ce soit pour les pratiques, les politiques ou les actions en mati\u00e8re de confidentialit\u00e9 des tiers qui op\u00e8rent ces sites Web. Similasan n\u2019est pas responsable de la fa\u00e7on dont ces tiers collectent, utilisent, communiquent, divulguent, conservent ou d\u00e9truisent vos renseignements personnels. Vous devriez passer en revue les politiques de confidentialit\u00e9 de ces sites Web avant de leur fournir des renseignements personnels.<\/p>\n<p><strong>Pourquoi collectons-nous, utilisons-nous, communiquons-nous et divulguons-nous des renseignements personnels?<\/strong><br \/>\nLes renseignements personnels collect\u00e9s sont utilis\u00e9s pour r\u00e9pondre \u00e0 vos demandes et pour satisfaire aux exigences judiciaires, p. ex. signaler un effet ind\u00e9sirable d\u2019un m\u00e9dicament \u00e0 Sant\u00e9 Canada.<\/p>\n<p>L\u00e0 o\u00f9 pareils renseignements personnels sont requis pour ex\u00e9cuter leurs devoirs ou mandats ou contrats, nous pouvons donner acc\u00e8s \u00e0 vos renseignements personnels \u00e0 nos employ\u00e9s, entrepreneurs, consultants, mandataires, agents ou affili\u00e9s autoris\u00e9s, ainsi qu\u2019\u00e0 d\u2019autres parties avec un contrat de travail ou de service, qui doivent d\u00e9tenir, utiliser, communiquer ou divulguer pareils renseignements pour notre compte pour nous aider \u00e0 \u00e9tablir, \u00e0 maintenir et \u00e0 g\u00e9rer nos relations avec vous. De plus, les renseignements personnels peuvent \u00eatre communiqu\u00e9s, divulgu\u00e9s ou transf\u00e9r\u00e9s \u00e0 une autre partie en cas de changement de possession ou d\u2019octroi d\u2019int\u00e9r\u00eat de s\u00e9curit\u00e9 de toute ou d\u2019une partie de Similasan.<\/p>\n<p>Nous pouvons collecter, utiliser, communiquer ou divulguer vos renseignements personnels sans votre connaissance ou consentement quand nous avons le droit de le faire ou tel que l\u2019exige toute loi ou exigence r\u00e9glementaire en vigueur, p. ex. signaler un effet ind\u00e9sirable d\u2019un m\u00e9dicament \u00e0 Sant\u00e9 Canada.<\/p>\n<p><strong>Votre consentement nous importe<\/strong><br \/>\nLe consentement nous permettant de collecter, d\u2019utiliser, de communiquer ou de divulguer vos renseignements personnels devrait \u00eatre manifeste, libre et \u00e9clair\u00e9 et donn\u00e9 \u00e0 des fins sp\u00e9cifiques. Pareil consentement est valide pour le temps qu\u2019il faut pour atteindre les objectifs pour lesquels on le demande.<\/p>\n<p>Vous pouvez changer ou retirer votre consentement en tout temps, sous r\u00e9serve de restrictions juridiques ou contractuelles et d\u2019avis raisonnable, en contactant notre agent du service de la protection de la vie priv\u00e9e au moyen des coordonn\u00e9es ci-dessous. Dans certains cas, un changement ou un retrait de consentement peut limiter s\u00e9v\u00e8rement notre capacit\u00e9 de vous fournir des produits ou des services, ou d\u2019acqu\u00e9rir des produits ou des services pour vous. Toutes les communications en rapport avec pareil retrait ou pareille variation de consentement devraient se faire par \u00e9crit et \u00eatre adress\u00e9es \u00e0 notre agent du service de la protection de la vie priv\u00e9e.<\/p>\n<p><strong>Comment vos renseignements personnels sont-ils prot\u00e9g\u00e9s?<\/strong><br \/>\nSimilasan t\u00e2che de conserver les mesures physiques, techniques ou proc\u00e9durales qui sont n\u00e9cessaires pour prot\u00e9ger les renseignements personnels collect\u00e9s, utilis\u00e9s, communiqu\u00e9s, conserv\u00e9s ou d\u00e9truits et qui sont raisonnables vu la sensibilit\u00e9 des renseignements personnels dont il est question, les fins auxquelles ils seront utilis\u00e9s, la quantit\u00e9 et la distribution des renseignements et le support sur lequel ils sont stock\u00e9s. Ces mesures sont con\u00e7ues pour \u00e9viter qu\u2019il y ait perte et acc\u00e8s, copie, utilisation, modification, communication ou divulgation non autoris\u00e9s de vos renseignements personnels.<\/p>\n<p>Malheureusement, aucune transmission de donn\u00e9es sur Internet n\u2019est 100 % s\u00fbre. Par cons\u00e9quent, bien que ce site Web veille \u00e0 prot\u00e9ger vos renseignements personnels, nous ne pouvons garantir la s\u00e9curit\u00e9 de tout renseignement que vous nous transmettez et vous le faites \u00e0 vos propres risques. Une fois que ce site Web re\u00e7oit votre transmission, nous faisons des efforts raisonnables du point de vue commercial pour garantir sa s\u00e9curit\u00e9 dans nos syst\u00e8mes.<\/p>\n<p><strong>Mise \u00e0 jour de vos renseignements personnels<\/strong><br \/>\nIl est important que les renseignements que contiennent nos dossiers soient exacts et actuels. Nous nous assurons que tout dossier \u00e0 votre sujet est \u00e0 jour et exact quand nous nous en servons pour prendre une d\u00e9cision qui vous concerne. Si vos renseignements personnels changent, veuillez nous en informer.<\/p>\n<p>Dans certains cas, il se peut que nous ne consentions pas \u00e0 votre demande de changement de vos renseignements personnels, ajoutant au lieu du texte alternatif au dossier en question.<\/p>\n<p><strong>L\u2019acc\u00e8s \u00e0 vos renseignements personnels ainsi que leur correction et leur suppression<\/strong><br \/>\nVous pouvez demander de voir vos renseignements personnels, qu\u2019ils vous soient communiqu\u00e9s et que nous confirmions que nous d\u00e9tenons un dossier \u00e0 votre sujet, et ce, sans frais. Si vous voulez passer en revue, v\u00e9rifier ou corriger vos renseignements personnels, veuillez contacter notre agent du service de la protection de la vie priv\u00e9e au moyen des coordonn\u00e9es ci-dessous. Veuillez noter que de telles communications doivent se faire par \u00e9crit.<\/p>\n<p>Au cas o\u00f9 nous ne pourrions vous donner acc\u00e8s \u00e0 vos renseignements personnels, nous tenterons de vous expliquer pourquoi, sous r\u00e9serve de toute restriction juridique ou r\u00e9glementaire.<\/p>\n<p><strong>Demandes ou pr\u00e9occupations?<\/strong><br \/>\nSi vous avez des questions ou des pr\u00e9occupations en ce qui concerne nos Politiques de confidentialit\u00e9, veuillez nous contacter :<br \/>\nT\u00e9l\u00e9phone : 1 800 240-978<\/p>\n<p><strong>R\u00e9vision de cette Politique de confidentialit\u00e9<\/strong><br \/>\nSimilasan, de temps \u00e0 autre, peut modifier cette Politique de confidentialit\u00e9 pour prendre en compte les changements de ses obligations juridiques ou r\u00e9glementaires ou la fa\u00e7on dont nous traitons vos renseignements personnels. Nous publierons toute version r\u00e9vis\u00e9e de cette Politique de confidentialit\u00e9 sur notre site Web, similasan.ca, et nous vous encourageons \u00e0 le consulter r\u00e9guli\u00e8rement.<\/p>\n<p><strong>Interpr\u00e9tation de cette Politique de confidentialit\u00e9<\/strong><br \/>\nCette Politique de confidentialit\u00e9 inclut des exemples, mais ne vise pas \u00e0 restreindre son application \u00e0 de pareils exemples; donc, l\u00e0 o\u00f9 les mots \u00ab y compris \u00bb sont utilis\u00e9s, ils veulent dire \u00ab y compris sans limitation \u00bb.<\/p>\n<p>Cette Politique de confidentialit\u00e9 ne cr\u00e9e ou ne conf\u00e8re \u00e0 personne quelque droit que ce soit ou n\u2019impose \u00e0 Similasan aucune obligation que ce soit autre que ou en outre de tout droit ou de toute obligation impos\u00e9(e) par les lois sur la confidentialit\u00e9 f\u00e9d\u00e9rales ou provinciales, le cas \u00e9ch\u00e9ant. S\u2019il devait y avoir, dans un cas donn\u00e9, divergence entre cette Politique de confidentialit\u00e9 et les lois sur la confidentialit\u00e9 f\u00e9d\u00e9rales et provinciales, le cas \u00e9ch\u00e9ant, cette Politique de confidentialit\u00e9 doit \u00eatre interpr\u00e9t\u00e9e, en l\u2019occurrence, pour donner effet \u00e0 pareilles lois sur la confidentialit\u00e9 ou pour leur \u00eatre conforme.<\/p>\n<\/div><\/div><\/div><\/div><\/div><\/p>\n","protected":false},"excerpt":{"rendered":"","protected":false},"author":1,"featured_media":0,"parent":0,"menu_order":50,"comment_status":"closed","ping_status":"closed","template":"","meta":{"_acf_changed":false,"footnotes":""},"class_list":["post-1507","page","type-page","status-publish","hentry"],"acf":[],"yoast_head":"<!-- This site is optimized with the Yoast SEO plugin v27.4 - https:\/\/yoast.com\/product\/yoast-seo-wordpress\/ -->\n<title>\u00c9nonc\u00e9 de confidentialit\u00e9 | Similasan Canada<\/title>\n<meta name=\"description\" content=\"Similasan s&#039;engage \u00e0 aider les familles \u00e0 se sentir mieux. Nos rem\u00e8des naturels soulagent temporairement les sympt\u00f4mes des affections oculaires, auriculaires, nasales, c\u00e9r\u00e9brales et thoraciques sans utiliser de produits chimiques agressifs.\" \/>\n<meta name=\"robots\" content=\"index, follow, max-snippet:-1, max-image-preview:large, max-video-preview:-1\" \/>\n<link rel=\"canonical\" href=\"https:\/\/similasan.ca\/fr\/enonce-de-confidentialite\/\" \/>\n<meta property=\"og:locale\" content=\"fr_CA\" \/>\n<meta property=\"og:type\" content=\"article\" \/>\n<meta property=\"og:title\" content=\"\u00c9nonc\u00e9 de confidentialit\u00e9 | Similasan Canada\" \/>\n<meta property=\"og:description\" content=\"Similasan s&#039;engage \u00e0 aider les familles \u00e0 se sentir mieux. Nos rem\u00e8des naturels soulagent temporairement les sympt\u00f4mes des affections oculaires, auriculaires, nasales, c\u00e9r\u00e9brales et thoraciques sans utiliser de produits chimiques agressifs.\" \/>\n<meta property=\"og:url\" content=\"https:\/\/similasan.ca\/fr\/enonce-de-confidentialite\/\" \/>\n<meta property=\"og:site_name\" content=\"Similasan Canada\" \/>\n<meta property=\"article:publisher\" content=\"https:\/\/www.facebook.com\/Similasan\" \/>\n<meta property=\"article:modified_time\" content=\"2025-04-02T21:52:56+00:00\" \/>\n<meta property=\"og:image\" content=\"https:\/\/similasan.ca\/wp-content\/uploads\/2025\/03\/Similasan1200.jpg\" \/>\n\t<meta property=\"og:image:width\" content=\"1200\" \/>\n\t<meta property=\"og:image:height\" content=\"675\" \/>\n\t<meta property=\"og:image:type\" content=\"image\/jpeg\" \/>\n<meta name=\"twitter:card\" content=\"summary_large_image\" \/>\n<meta name=\"twitter:label1\" content=\"Estimation du temps de lecture\" \/>\n\t<meta name=\"twitter:data1\" content=\"7 minutes\" \/>\n<script type=\"application\/ld+json\" class=\"yoast-schema-graph\">{\"@context\":\"https:\\\/\\\/schema.org\",\"@graph\":[{\"@type\":\"WebPage\",\"@id\":\"https:\\\/\\\/similasan.ca\\\/fr\\\/enonce-de-confidentialite\\\/\",\"url\":\"https:\\\/\\\/similasan.ca\\\/fr\\\/enonce-de-confidentialite\\\/\",\"name\":\"\u00c9nonc\u00e9 de confidentialit\u00e9 | Similasan Canada\",\"isPartOf\":{\"@id\":\"https:\\\/\\\/similasan.ca\\\/fr\\\/#website\"},\"datePublished\":\"2025-03-03T02:57:42+00:00\",\"dateModified\":\"2025-04-02T21:52:56+00:00\",\"description\":\"Similasan s'engage \u00e0 aider les familles \u00e0 se sentir mieux. Nos rem\u00e8des naturels soulagent temporairement les sympt\u00f4mes des affections oculaires, auriculaires, nasales, c\u00e9r\u00e9brales et thoraciques sans utiliser de produits chimiques agressifs.\",\"breadcrumb\":{\"@id\":\"https:\\\/\\\/similasan.ca\\\/fr\\\/enonce-de-confidentialite\\\/#breadcrumb\"},\"inLanguage\":\"fr-CA\",\"potentialAction\":[{\"@type\":\"ReadAction\",\"target\":[\"https:\\\/\\\/similasan.ca\\\/fr\\\/enonce-de-confidentialite\\\/\"]}]},{\"@type\":\"BreadcrumbList\",\"@id\":\"https:\\\/\\\/similasan.ca\\\/fr\\\/enonce-de-confidentialite\\\/#breadcrumb\",\"itemListElement\":[{\"@type\":\"ListItem\",\"position\":1,\"name\":\"Home\",\"item\":\"https:\\\/\\\/similasan.ca\\\/fr\\\/\"},{\"@type\":\"ListItem\",\"position\":2,\"name\":\"\u00c9nonc\u00e9 de confidentialit\u00e9\"}]},{\"@type\":\"WebSite\",\"@id\":\"https:\\\/\\\/similasan.ca\\\/fr\\\/#website\",\"url\":\"https:\\\/\\\/similasan.ca\\\/fr\\\/\",\"name\":\"Similasan Canada\",\"description\":\"Feel Good About Feeling Better\u2122\",\"publisher\":{\"@id\":\"https:\\\/\\\/similasan.ca\\\/fr\\\/#organization\"},\"potentialAction\":[{\"@type\":\"SearchAction\",\"target\":{\"@type\":\"EntryPoint\",\"urlTemplate\":\"https:\\\/\\\/similasan.ca\\\/fr\\\/?s={search_term_string}\"},\"query-input\":{\"@type\":\"PropertyValueSpecification\",\"valueRequired\":true,\"valueName\":\"search_term_string\"}}],\"inLanguage\":\"fr-CA\"},{\"@type\":\"Organization\",\"@id\":\"https:\\\/\\\/similasan.ca\\\/fr\\\/#organization\",\"name\":\"Similasan\",\"url\":\"https:\\\/\\\/similasan.ca\\\/fr\\\/\",\"logo\":{\"@type\":\"ImageObject\",\"inLanguage\":\"fr-CA\",\"@id\":\"https:\\\/\\\/similasan.ca\\\/fr\\\/#\\\/schema\\\/logo\\\/image\\\/\",\"url\":\"https:\\\/\\\/similasan.ca\\\/wp-content\\\/uploads\\\/2025\\\/03\\\/Similasan696-1.jpg\",\"contentUrl\":\"https:\\\/\\\/similasan.ca\\\/wp-content\\\/uploads\\\/2025\\\/03\\\/Similasan696-1.jpg\",\"width\":696,\"height\":696,\"caption\":\"Similasan\"},\"image\":{\"@id\":\"https:\\\/\\\/similasan.ca\\\/fr\\\/#\\\/schema\\\/logo\\\/image\\\/\"},\"sameAs\":[\"https:\\\/\\\/www.facebook.com\\\/Similasan\"]}]}<\/script>\n<!-- \/ Yoast SEO plugin. -->","yoast_head_json":{"title":"\u00c9nonc\u00e9 de confidentialit\u00e9 | Similasan Canada","description":"Similasan s'engage \u00e0 aider les familles \u00e0 se sentir mieux. Nos rem\u00e8des naturels soulagent temporairement les sympt\u00f4mes des affections oculaires, auriculaires, nasales, c\u00e9r\u00e9brales et thoraciques sans utiliser de produits chimiques agressifs.","robots":{"index":"index","follow":"follow","max-snippet":"max-snippet:-1","max-image-preview":"max-image-preview:large","max-video-preview":"max-video-preview:-1"},"canonical":"https:\/\/similasan.ca\/fr\/enonce-de-confidentialite\/","og_locale":"fr_CA","og_type":"article","og_title":"\u00c9nonc\u00e9 de confidentialit\u00e9 | Similasan Canada","og_description":"Similasan s'engage \u00e0 aider les familles \u00e0 se sentir mieux. Nos rem\u00e8des naturels soulagent temporairement les sympt\u00f4mes des affections oculaires, auriculaires, nasales, c\u00e9r\u00e9brales et thoraciques sans utiliser de produits chimiques agressifs.","og_url":"https:\/\/similasan.ca\/fr\/enonce-de-confidentialite\/","og_site_name":"Similasan Canada","article_publisher":"https:\/\/www.facebook.com\/Similasan","article_modified_time":"2025-04-02T21:52:56+00:00","og_image":[{"width":1200,"height":675,"url":"https:\/\/similasan.ca\/wp-content\/uploads\/2025\/03\/Similasan1200.jpg","type":"image\/jpeg"}],"twitter_card":"summary_large_image","twitter_misc":{"Estimation du temps de lecture":"7 minutes"},"schema":{"@context":"https:\/\/schema.org","@graph":[{"@type":"WebPage","@id":"https:\/\/similasan.ca\/fr\/enonce-de-confidentialite\/","url":"https:\/\/similasan.ca\/fr\/enonce-de-confidentialite\/","name":"\u00c9nonc\u00e9 de confidentialit\u00e9 | Similasan Canada","isPartOf":{"@id":"https:\/\/similasan.ca\/fr\/#website"},"datePublished":"2025-03-03T02:57:42+00:00","dateModified":"2025-04-02T21:52:56+00:00","description":"Similasan s'engage \u00e0 aider les familles \u00e0 se sentir mieux. Nos rem\u00e8des naturels soulagent temporairement les sympt\u00f4mes des affections oculaires, auriculaires, nasales, c\u00e9r\u00e9brales et thoraciques sans utiliser de produits chimiques agressifs.","breadcrumb":{"@id":"https:\/\/similasan.ca\/fr\/enonce-de-confidentialite\/#breadcrumb"},"inLanguage":"fr-CA","potentialAction":[{"@type":"ReadAction","target":["https:\/\/similasan.ca\/fr\/enonce-de-confidentialite\/"]}]},{"@type":"BreadcrumbList","@id":"https:\/\/similasan.ca\/fr\/enonce-de-confidentialite\/#breadcrumb","itemListElement":[{"@type":"ListItem","position":1,"name":"Home","item":"https:\/\/similasan.ca\/fr\/"},{"@type":"ListItem","position":2,"name":"\u00c9nonc\u00e9 de confidentialit\u00e9"}]},{"@type":"WebSite","@id":"https:\/\/similasan.ca\/fr\/#website","url":"https:\/\/similasan.ca\/fr\/","name":"Similasan Canada","description":"Feel Good About Feeling Better\u2122","publisher":{"@id":"https:\/\/similasan.ca\/fr\/#organization"},"potentialAction":[{"@type":"SearchAction","target":{"@type":"EntryPoint","urlTemplate":"https:\/\/similasan.ca\/fr\/?s={search_term_string}"},"query-input":{"@type":"PropertyValueSpecification","valueRequired":true,"valueName":"search_term_string"}}],"inLanguage":"fr-CA"},{"@type":"Organization","@id":"https:\/\/similasan.ca\/fr\/#organization","name":"Similasan","url":"https:\/\/similasan.ca\/fr\/","logo":{"@type":"ImageObject","inLanguage":"fr-CA","@id":"https:\/\/similasan.ca\/fr\/#\/schema\/logo\/image\/","url":"https:\/\/similasan.ca\/wp-content\/uploads\/2025\/03\/Similasan696-1.jpg","contentUrl":"https:\/\/similasan.ca\/wp-content\/uploads\/2025\/03\/Similasan696-1.jpg","width":696,"height":696,"caption":"Similasan"},"image":{"@id":"https:\/\/similasan.ca\/fr\/#\/schema\/logo\/image\/"},"sameAs":["https:\/\/www.facebook.com\/Similasan"]}]}},"_links":{"self":[{"href":"https:\/\/similasan.ca\/fr\/wp-json\/wp\/v2\/pages\/1507","targetHints":{"allow":["GET"]}}],"collection":[{"href":"https:\/\/similasan.ca\/fr\/wp-json\/wp\/v2\/pages"}],"about":[{"href":"https:\/\/similasan.ca\/fr\/wp-json\/wp\/v2\/types\/page"}],"author":[{"embeddable":true,"href":"https:\/\/similasan.ca\/fr\/wp-json\/wp\/v2\/users\/1"}],"replies":[{"embeddable":true,"href":"https:\/\/similasan.ca\/fr\/wp-json\/wp\/v2\/comments?post=1507"}],"version-history":[{"count":0,"href":"https:\/\/similasan.ca\/fr\/wp-json\/wp\/v2\/pages\/1507\/revisions"}],"wp:attachment":[{"href":"https:\/\/similasan.ca\/fr\/wp-json\/wp\/v2\/media?parent=1507"}],"curies":[{"name":"wp","href":"https:\/\/api.w.org\/{rel}","templated":true}]}}