{"id":1511,"date":"2025-03-05T19:18:56","date_gmt":"2025-03-06T02:18:56","guid":{"rendered":"https:\/\/similasan.ca\/terms-use\/"},"modified":"2025-04-02T15:53:03","modified_gmt":"2025-04-02T21:53:03","slug":"conditions-dutilisation","status":"publish","type":"page","link":"https:\/\/similasan.ca\/fr\/conditions-dutilisation\/","title":{"rendered":"Conditions d\u2019utilisation"},"content":{"rendered":"<p><div class=\"fusion-fullwidth fullwidth-box fusion-builder-row-1 fusion-flex-container has-pattern-background has-mask-background nonhundred-percent-fullwidth non-hundred-percent-height-scrolling\" style=\"--awb-border-radius-top-left:0px;--awb-border-radius-top-right:0px;--awb-border-radius-bottom-right:0px;--awb-border-radius-bottom-left:0px;--awb-flex-wrap:wrap;\" ><div class=\"fusion-builder-row fusion-row fusion-flex-align-items-flex-start fusion-flex-content-wrap\" style=\"max-width:1442px;margin-left: calc(-3% \/ 2 );margin-right: calc(-3% \/ 2 );\"><div class=\"fusion-layout-column fusion_builder_column fusion-builder-column-0 fusion_builder_column_1_1 1_1 fusion-flex-column\" style=\"--awb-bg-size:cover;--awb-width-large:100%;--awb-margin-top-large:0px;--awb-spacing-right-large:1.455%;--awb-margin-bottom-large:35px;--awb-spacing-left-large:1.455%;--awb-width-medium:100%;--awb-order-medium:0;--awb-spacing-right-medium:1.455%;--awb-spacing-left-medium:1.455%;--awb-width-small:100%;--awb-order-small:0;--awb-spacing-right-small:1.455%;--awb-margin-bottom-small:10px;--awb-spacing-left-small:1.455%;\" data-scroll-devices=\"small-visibility,medium-visibility,large-visibility\"><div class=\"fusion-column-wrapper fusion-column-has-shadow fusion-flex-justify-content-flex-start fusion-content-layout-column\"><div class=\"fusion-title title fusion-title-1 fusion-sep-none fusion-title-text fusion-title-size-one\" style=\"--awb-margin-top-small:10px;--awb-margin-right-small:0px;--awb-margin-bottom-small:10px;--awb-margin-left-small:0px;\"><h1 class=\"fusion-title-heading title-heading-left fusion-responsive-typography-calculated\" style=\"margin:0;--fontSize:50;line-height:var(--awb-typography1-line-height);\">Conditions d\u2019utilisation<\/h1><\/div><\/div><\/div><\/div><\/div>\n<div class=\"fusion-fullwidth fullwidth-box fusion-builder-row-2 fusion-flex-container has-pattern-background has-mask-background nonhundred-percent-fullwidth non-hundred-percent-height-scrolling\" style=\"--awb-border-radius-top-left:0px;--awb-border-radius-top-right:0px;--awb-border-radius-bottom-right:0px;--awb-border-radius-bottom-left:0px;--awb-flex-wrap:wrap;\" ><div class=\"fusion-builder-row fusion-row fusion-flex-align-items-flex-start fusion-flex-content-wrap\" style=\"max-width:1442px;margin-left: calc(-3% \/ 2 );margin-right: calc(-3% \/ 2 );\"><div class=\"fusion-layout-column fusion_builder_column fusion-builder-column-1 fusion_builder_column_1_1 1_1 fusion-flex-column\" style=\"--awb-padding-right:35px;--awb-padding-left:35px;--awb-padding-right-small:7px;--awb-padding-left-small:7px;--awb-bg-size:cover;--awb-width-large:100%;--awb-margin-top-large:0px;--awb-spacing-right-large:1.455%;--awb-margin-bottom-large:0px;--awb-spacing-left-large:1.455%;--awb-width-medium:100%;--awb-order-medium:0;--awb-spacing-right-medium:1.455%;--awb-spacing-left-medium:1.455%;--awb-width-small:100%;--awb-order-small:0;--awb-spacing-right-small:1.455%;--awb-spacing-left-small:1.455%;\" data-scroll-devices=\"small-visibility,medium-visibility,large-visibility\"><div class=\"fusion-column-wrapper fusion-column-has-shadow fusion-flex-justify-content-flex-start fusion-content-layout-column\"><div class=\"fusion-text fusion-text-1\"><p><strong>CONDITIONS D\u2019UTILISATION<\/strong><br \/>\nDate d\u2019entr\u00e9e en vigueur : septembre 2020<br \/>\nDerni\u00e8re mise \u00e0 jour : septembre 2020<\/p>\n<p><strong>Avis juridique<\/strong><br \/>\nVeuillez lire attentivement les conditions d\u2019utilisation suivantes de ce site Web de Similasan Corporation (\u00ab Similasan \u00bb). Votre acc\u00e8s et votre utilisation de ce site sont assujettis aux conditions suivantes. Si vous n\u2019acceptez pas l\u2019une ou plusieurs de ces conditions, nous vous demandons de ne pas acc\u00e9der \u00e0 ce site ou de ne pas l\u2019utiliser. Nous estimons que vous acceptez ces conditions d\u2019utilisation si vous acc\u00e9dez \u00e0 ce site Web ou l\u2019utilisez.<\/p>\n<p><strong>Exactitude et utilisation de l\u2019information<\/strong><br \/>\nLe contenu de ce site Web est offert pour votre commodit\u00e9 seulement. Bien que Similasan veille \u00e0 s\u2019assurer que l\u2019information plac\u00e9e sur le site est exacte, Similasan ne peut garantir ou affirmer que l\u2019information est exacte, compl\u00e8te, actuelle ou apte pour quelque fin que ce soit. L\u2019information contenue sur ce site Web n\u2019a pas pour objectif non plus d\u2019offrir des conseils m\u00e9dicaux. Par cons\u00e9quent, vous utilisez ou acceptez cette information \u00e0 vos propres risques. Ces m\u00e9dicaments hom\u00e9opathiques ne sont pas n\u00e9cessairement bons pour tous. Lisez toujours l\u2019\u00e9tiquette et suivez-la.<\/p>\n<p>L\u2019information que contient ce site Web, y compris les conditions g\u00e9n\u00e9rales des prix et des politiques, peut changer ou \u00eatre mise \u00e0 jour sans pr\u00e9avis. Veuillez nous contacter pour de l\u2019information plus actuelle sur les produits et services qu\u2019offre Similasan.<\/p>\n<p><strong>Limitation de responsabilit\u00e9<\/strong><br \/>\nEn aucun cas Similasan ou ses fournisseurs ou ses conc\u00e9dants ne seront responsables de tout dommage que vous encourez directement ou indirectement \u00e0 cause de l\u2019utilisation ou de l\u2019impossibilit\u00e9 d\u2019utiliser ce site Web ou son contenu. Cependant, parce que certaines juridictions ne permettent pas les limitations sur les garanties impliqu\u00e9es ou les limitations de responsabilit\u00e9 pour les dommages indirects ou cons\u00e9cutifs, il se peut que ces limitations ne s\u2019appliquent pas \u00e0 vous.<\/p>\n<p><strong>Disponibilit\u00e9 des produits et des services<\/strong><br \/>\nDes conditions g\u00e9n\u00e9rales suppl\u00e9mentaires s\u2019appliquent \u00e0 l\u2019achat des produits et des services d\u00e9crits sur ce site Web. Il se peut que des conditions g\u00e9n\u00e9rales suppl\u00e9mentaires s\u2019appliquent \u00e0 des fonctions sp\u00e9cifiques qu\u2019offre ce site Web. Les produits, les services et l\u2019information d\u00e9crits sur ce site Web sont offerts seulement dans les juridictions o\u00f9 ils peuvent \u00eatre offerts l\u00e9galement et, donc, il se peut qu\u2019ils ne soient pas offerts dans toutes les r\u00e9gions du Canada ou aux r\u00e9sidents d\u2019autres juridictions. Veuillez contacter Similasan pour savoir si ces produits et services peuvent \u00eatre offerts dans votre juridiction et pour les d\u00e9tails \u00e0 ce propos.<\/p>\n<p>Ce site Web ne doit pas \u00eatre utilis\u00e9 par les enfants de moins de 16 ans. L\u2019utilisation de ce site Web est nulle et non avenue l\u00e0 o\u00f9 la loi l\u2019interdit.<\/p>\n<p><strong>Hyperliens<\/strong><br \/>\nDes hyperliens sont offerts pour votre commodit\u00e9 seulement. Les liens ne veulent pas dire que nous approuvons quelque site li\u00e9 que ce soit ou que nous avons quelque affiliation que ce soit avec les propri\u00e9taires ou les op\u00e9rateurs. Similasan n\u2019a aucun contr\u00f4le sur le contenu d\u2019aucun site li\u00e9. Ce contenu est de la responsabilit\u00e9 exclusive du propri\u00e9taire ou de l\u2019op\u00e9rateur du site li\u00e9.<\/p>\n<p><strong>Virus et maliciels<\/strong><br \/>\nSimilasan fait un effort raisonnable pour que ce site Web ne contienne aucun virus ou maliciel, mais ne peut le garantir. C\u2019est \u00e0 vous que revient le co\u00fbt entier de tout service, de toute r\u00e9paration ou de toute correction n\u00e9cessaire apr\u00e8s utilisation de ce site Web.<\/p>\n<p><strong>Marques de commerce et droit d\u2019auteur<\/strong><br \/>\nSimilasan\u00ae, Similasan.com, Similasan.ca, le logo Similasan, FEEL GOOD ABOUT FEELING BETTER\u2122 et les mots et logos connexes, ainsi que le nom des autres produits ou services de Similasan, sont des noms ou des marques de commerce de Similasan au Canada. Les noms des autres entreprises, produits ou services dont il est question sur le site Web peuvent \u00eatre des noms ou des marques de commerce de leurs d\u00e9tenteurs respectifs. Toute utilisation non autoris\u00e9e de ces noms ou marques de commerce est interdite.<\/p>\n<p>Tout le contenu de ce site Web est prot\u00e9g\u00e9 par droits d\u2019auteur \u00a9 2020, Similasan Corporation ou ses conc\u00e9dants. Tous droits r\u00e9serv\u00e9s.<\/p>\n<p>La distribution, la retransmission, la republication, la modification, la r\u00e9tro-ing\u00e9nierie, la vente ou toute autre exploitation de ce site Web ou de son contenu sans permission de Similasan est aussi interdite.<\/p>\n<p><strong>Confidentialit\u00e9 et utilisation de renseignements personnels<\/strong><br \/>\nVous avez lu la politique de confidentialit\u00e9 de Similasan,\u00a0<a href=\"\/fr\/conditions-dutilisation\" data-cke-saved-href=\"\/fr\/\u00e9nonc\u00e9-de-confidentialit\u00e9\">\u00e9nonc\u00e9-de-confidentialit\u00e9<\/a>, les conditions de laquelle figurent sur ce site Web et qui sont incorpor\u00e9es dans ces conditions d\u2019utilisation. Vous acceptez que les conditions de la politique de confidentialit\u00e9 sont raisonnables. Vous acceptez la collecte, l\u2019utilisation et la divulgation de vos renseignements personnels par Similasan ou ses agents ou repr\u00e9sentants conform\u00e9ment \u00e0 ces conditions et aux fins indiqu\u00e9es dans la politique de confidentialit\u00e9.<\/p>\n<p><strong>Comp\u00e9tence judiciaire<\/strong><br \/>\nVotre utilisation de ce site Web et de son contenu est r\u00e9gie par les lois de la Province de l\u2019Ontario et par toute loi f\u00e9d\u00e9rale en vigueur du Canada et les tribunaux de la Province de l\u2019Ontario ont la comp\u00e9tence non exclusive quant \u00e0 tout litige en rapport avec ce site Web.<\/p>\n<p><strong>Contactez-nous<\/strong><br \/>\nNous appr\u00e9cions votre visite de ce site Web et vous encourageons \u00e0 nous envoyer toute question ou tout commentaire que vous avez sur ce site, sur ces conditions d\u2019utilisation ou sur tout produit ou service qu\u2019offre Similasan. Veuillez consulter la section\u00a0<a class=\"external-processed\" href=\"http:\/\/fr\/contactez-nous\" target=\"_blank\" rel=\"noopener noreferrer\" data-cke-saved-href=\"http:\/\/fr\/contactez-nous\">Contactez-nous<\/a>\u00a0de ce site Web pour les num\u00e9ros de t\u00e9l\u00e9phone et de t\u00e9l\u00e9copieur et les adresses courriel.<\/p>\n<\/div><\/div><\/div><\/div><\/div><\/p>\n","protected":false},"excerpt":{"rendered":"","protected":false},"author":1,"featured_media":0,"parent":0,"menu_order":51,"comment_status":"closed","ping_status":"closed","template":"100-width.php","meta":{"_acf_changed":false,"footnotes":""},"class_list":["post-1511","page","type-page","status-publish","hentry"],"acf":[],"yoast_head":"<!-- This site is optimized with the Yoast SEO plugin v27.3 - https:\/\/yoast.com\/product\/yoast-seo-wordpress\/ -->\n<title>Conditions d\u2019utilisation | Similasan Canada<\/title>\n<meta name=\"description\" content=\"Similasan s&#039;engage \u00e0 aider les familles \u00e0 se sentir mieux. Nos rem\u00e8des naturels soulagent temporairement les sympt\u00f4mes des affections oculaires, auriculaires, nasales, c\u00e9r\u00e9brales et thoraciques sans utiliser de produits chimiques agressifs.\" \/>\n<meta name=\"robots\" content=\"index, follow, max-snippet:-1, max-image-preview:large, max-video-preview:-1\" \/>\n<link rel=\"canonical\" href=\"https:\/\/similasan.ca\/fr\/conditions-dutilisation\/\" \/>\n<meta property=\"og:locale\" content=\"fr_CA\" \/>\n<meta property=\"og:type\" content=\"article\" \/>\n<meta property=\"og:title\" content=\"Conditions d\u2019utilisation | Similasan Canada\" \/>\n<meta property=\"og:description\" content=\"Similasan s&#039;engage \u00e0 aider les familles \u00e0 se sentir mieux. Nos rem\u00e8des naturels soulagent temporairement les sympt\u00f4mes des affections oculaires, auriculaires, nasales, c\u00e9r\u00e9brales et thoraciques sans utiliser de produits chimiques agressifs.\" \/>\n<meta property=\"og:url\" content=\"https:\/\/similasan.ca\/fr\/conditions-dutilisation\/\" \/>\n<meta property=\"og:site_name\" content=\"Similasan Canada\" \/>\n<meta property=\"article:publisher\" content=\"https:\/\/www.facebook.com\/Similasan\" \/>\n<meta property=\"article:modified_time\" content=\"2025-04-02T21:53:03+00:00\" \/>\n<meta property=\"og:image\" content=\"https:\/\/similasan.ca\/wp-content\/uploads\/2025\/03\/Similasan1200.jpg\" \/>\n\t<meta property=\"og:image:width\" content=\"1200\" \/>\n\t<meta property=\"og:image:height\" content=\"675\" \/>\n\t<meta property=\"og:image:type\" content=\"image\/jpeg\" \/>\n<meta name=\"twitter:card\" content=\"summary_large_image\" \/>\n<meta name=\"twitter:label1\" content=\"Estimation du temps de lecture\" \/>\n\t<meta name=\"twitter:data1\" content=\"4 minutes\" \/>\n<script type=\"application\/ld+json\" class=\"yoast-schema-graph\">{\"@context\":\"https:\\\/\\\/schema.org\",\"@graph\":[{\"@type\":\"WebPage\",\"@id\":\"https:\\\/\\\/similasan.ca\\\/fr\\\/conditions-dutilisation\\\/\",\"url\":\"https:\\\/\\\/similasan.ca\\\/fr\\\/conditions-dutilisation\\\/\",\"name\":\"Conditions d\u2019utilisation | Similasan Canada\",\"isPartOf\":{\"@id\":\"https:\\\/\\\/similasan.ca\\\/fr\\\/#website\"},\"datePublished\":\"2025-03-06T02:18:56+00:00\",\"dateModified\":\"2025-04-02T21:53:03+00:00\",\"description\":\"Similasan s'engage \u00e0 aider les familles \u00e0 se sentir mieux. Nos rem\u00e8des naturels soulagent temporairement les sympt\u00f4mes des affections oculaires, auriculaires, nasales, c\u00e9r\u00e9brales et thoraciques sans utiliser de produits chimiques agressifs.\",\"breadcrumb\":{\"@id\":\"https:\\\/\\\/similasan.ca\\\/fr\\\/conditions-dutilisation\\\/#breadcrumb\"},\"inLanguage\":\"fr-CA\",\"potentialAction\":[{\"@type\":\"ReadAction\",\"target\":[\"https:\\\/\\\/similasan.ca\\\/fr\\\/conditions-dutilisation\\\/\"]}]},{\"@type\":\"BreadcrumbList\",\"@id\":\"https:\\\/\\\/similasan.ca\\\/fr\\\/conditions-dutilisation\\\/#breadcrumb\",\"itemListElement\":[{\"@type\":\"ListItem\",\"position\":1,\"name\":\"Home\",\"item\":\"https:\\\/\\\/similasan.ca\\\/fr\\\/\"},{\"@type\":\"ListItem\",\"position\":2,\"name\":\"Conditions d\u2019utilisation\"}]},{\"@type\":\"WebSite\",\"@id\":\"https:\\\/\\\/similasan.ca\\\/fr\\\/#website\",\"url\":\"https:\\\/\\\/similasan.ca\\\/fr\\\/\",\"name\":\"Similasan Canada\",\"description\":\"Feel Good About Feeling Better\u2122\",\"publisher\":{\"@id\":\"https:\\\/\\\/similasan.ca\\\/fr\\\/#organization\"},\"potentialAction\":[{\"@type\":\"SearchAction\",\"target\":{\"@type\":\"EntryPoint\",\"urlTemplate\":\"https:\\\/\\\/similasan.ca\\\/fr\\\/?s={search_term_string}\"},\"query-input\":{\"@type\":\"PropertyValueSpecification\",\"valueRequired\":true,\"valueName\":\"search_term_string\"}}],\"inLanguage\":\"fr-CA\"},{\"@type\":\"Organization\",\"@id\":\"https:\\\/\\\/similasan.ca\\\/fr\\\/#organization\",\"name\":\"Similasan\",\"url\":\"https:\\\/\\\/similasan.ca\\\/fr\\\/\",\"logo\":{\"@type\":\"ImageObject\",\"inLanguage\":\"fr-CA\",\"@id\":\"https:\\\/\\\/similasan.ca\\\/fr\\\/#\\\/schema\\\/logo\\\/image\\\/\",\"url\":\"https:\\\/\\\/similasan.ca\\\/wp-content\\\/uploads\\\/2025\\\/03\\\/Similasan696-1.jpg\",\"contentUrl\":\"https:\\\/\\\/similasan.ca\\\/wp-content\\\/uploads\\\/2025\\\/03\\\/Similasan696-1.jpg\",\"width\":696,\"height\":696,\"caption\":\"Similasan\"},\"image\":{\"@id\":\"https:\\\/\\\/similasan.ca\\\/fr\\\/#\\\/schema\\\/logo\\\/image\\\/\"},\"sameAs\":[\"https:\\\/\\\/www.facebook.com\\\/Similasan\"]}]}<\/script>\n<!-- \/ Yoast SEO plugin. -->","yoast_head_json":{"title":"Conditions d\u2019utilisation | Similasan Canada","description":"Similasan s'engage \u00e0 aider les familles \u00e0 se sentir mieux. Nos rem\u00e8des naturels soulagent temporairement les sympt\u00f4mes des affections oculaires, auriculaires, nasales, c\u00e9r\u00e9brales et thoraciques sans utiliser de produits chimiques agressifs.","robots":{"index":"index","follow":"follow","max-snippet":"max-snippet:-1","max-image-preview":"max-image-preview:large","max-video-preview":"max-video-preview:-1"},"canonical":"https:\/\/similasan.ca\/fr\/conditions-dutilisation\/","og_locale":"fr_CA","og_type":"article","og_title":"Conditions d\u2019utilisation | Similasan Canada","og_description":"Similasan s'engage \u00e0 aider les familles \u00e0 se sentir mieux. Nos rem\u00e8des naturels soulagent temporairement les sympt\u00f4mes des affections oculaires, auriculaires, nasales, c\u00e9r\u00e9brales et thoraciques sans utiliser de produits chimiques agressifs.","og_url":"https:\/\/similasan.ca\/fr\/conditions-dutilisation\/","og_site_name":"Similasan Canada","article_publisher":"https:\/\/www.facebook.com\/Similasan","article_modified_time":"2025-04-02T21:53:03+00:00","og_image":[{"width":1200,"height":675,"url":"https:\/\/similasan.ca\/wp-content\/uploads\/2025\/03\/Similasan1200.jpg","type":"image\/jpeg"}],"twitter_card":"summary_large_image","twitter_misc":{"Estimation du temps de lecture":"4 minutes"},"schema":{"@context":"https:\/\/schema.org","@graph":[{"@type":"WebPage","@id":"https:\/\/similasan.ca\/fr\/conditions-dutilisation\/","url":"https:\/\/similasan.ca\/fr\/conditions-dutilisation\/","name":"Conditions d\u2019utilisation | Similasan Canada","isPartOf":{"@id":"https:\/\/similasan.ca\/fr\/#website"},"datePublished":"2025-03-06T02:18:56+00:00","dateModified":"2025-04-02T21:53:03+00:00","description":"Similasan s'engage \u00e0 aider les familles \u00e0 se sentir mieux. Nos rem\u00e8des naturels soulagent temporairement les sympt\u00f4mes des affections oculaires, auriculaires, nasales, c\u00e9r\u00e9brales et thoraciques sans utiliser de produits chimiques agressifs.","breadcrumb":{"@id":"https:\/\/similasan.ca\/fr\/conditions-dutilisation\/#breadcrumb"},"inLanguage":"fr-CA","potentialAction":[{"@type":"ReadAction","target":["https:\/\/similasan.ca\/fr\/conditions-dutilisation\/"]}]},{"@type":"BreadcrumbList","@id":"https:\/\/similasan.ca\/fr\/conditions-dutilisation\/#breadcrumb","itemListElement":[{"@type":"ListItem","position":1,"name":"Home","item":"https:\/\/similasan.ca\/fr\/"},{"@type":"ListItem","position":2,"name":"Conditions d\u2019utilisation"}]},{"@type":"WebSite","@id":"https:\/\/similasan.ca\/fr\/#website","url":"https:\/\/similasan.ca\/fr\/","name":"Similasan Canada","description":"Feel Good About Feeling Better\u2122","publisher":{"@id":"https:\/\/similasan.ca\/fr\/#organization"},"potentialAction":[{"@type":"SearchAction","target":{"@type":"EntryPoint","urlTemplate":"https:\/\/similasan.ca\/fr\/?s={search_term_string}"},"query-input":{"@type":"PropertyValueSpecification","valueRequired":true,"valueName":"search_term_string"}}],"inLanguage":"fr-CA"},{"@type":"Organization","@id":"https:\/\/similasan.ca\/fr\/#organization","name":"Similasan","url":"https:\/\/similasan.ca\/fr\/","logo":{"@type":"ImageObject","inLanguage":"fr-CA","@id":"https:\/\/similasan.ca\/fr\/#\/schema\/logo\/image\/","url":"https:\/\/similasan.ca\/wp-content\/uploads\/2025\/03\/Similasan696-1.jpg","contentUrl":"https:\/\/similasan.ca\/wp-content\/uploads\/2025\/03\/Similasan696-1.jpg","width":696,"height":696,"caption":"Similasan"},"image":{"@id":"https:\/\/similasan.ca\/fr\/#\/schema\/logo\/image\/"},"sameAs":["https:\/\/www.facebook.com\/Similasan"]}]}},"_links":{"self":[{"href":"https:\/\/similasan.ca\/fr\/wp-json\/wp\/v2\/pages\/1511","targetHints":{"allow":["GET"]}}],"collection":[{"href":"https:\/\/similasan.ca\/fr\/wp-json\/wp\/v2\/pages"}],"about":[{"href":"https:\/\/similasan.ca\/fr\/wp-json\/wp\/v2\/types\/page"}],"author":[{"embeddable":true,"href":"https:\/\/similasan.ca\/fr\/wp-json\/wp\/v2\/users\/1"}],"replies":[{"embeddable":true,"href":"https:\/\/similasan.ca\/fr\/wp-json\/wp\/v2\/comments?post=1511"}],"version-history":[{"count":0,"href":"https:\/\/similasan.ca\/fr\/wp-json\/wp\/v2\/pages\/1511\/revisions"}],"wp:attachment":[{"href":"https:\/\/similasan.ca\/fr\/wp-json\/wp\/v2\/media?parent=1511"}],"curies":[{"name":"wp","href":"https:\/\/api.w.org\/{rel}","templated":true}]}}