{"id":1517,"date":"2025-03-05T19:22:55","date_gmt":"2025-03-06T02:22:55","guid":{"rendered":"https:\/\/similasan.ca\/healthcare-professionals\/"},"modified":"2025-04-02T15:54:46","modified_gmt":"2025-04-02T21:54:46","slug":"professionnels-des-soins-de-la-sante","status":"publish","type":"page","link":"https:\/\/similasan.ca\/fr\/professionnels-des-soins-de-la-sante\/","title":{"rendered":"Professionnels des soins de la sant\u00e9"},"content":{"rendered":"<p><div class=\"fusion-fullwidth fullwidth-box fusion-builder-row-1 fusion-flex-container has-pattern-background has-mask-background nonhundred-percent-fullwidth non-hundred-percent-height-scrolling\" style=\"--awb-border-radius-top-left:0px;--awb-border-radius-top-right:0px;--awb-border-radius-bottom-right:0px;--awb-border-radius-bottom-left:0px;--awb-flex-wrap:wrap;\" ><div class=\"fusion-builder-row fusion-row fusion-flex-align-items-flex-start fusion-flex-content-wrap\" style=\"max-width:1442px;margin-left: calc(-3% \/ 2 );margin-right: calc(-3% \/ 2 );\"><div class=\"fusion-layout-column fusion_builder_column fusion-builder-column-0 fusion_builder_column_1_1 1_1 fusion-flex-column\" style=\"--awb-bg-size:cover;--awb-width-large:100%;--awb-margin-top-large:0px;--awb-spacing-right-large:1.455%;--awb-margin-bottom-large:35px;--awb-spacing-left-large:1.455%;--awb-width-medium:100%;--awb-order-medium:0;--awb-spacing-right-medium:1.455%;--awb-spacing-left-medium:1.455%;--awb-width-small:100%;--awb-order-small:0;--awb-spacing-right-small:1.455%;--awb-margin-bottom-small:10px;--awb-spacing-left-small:1.455%;\" data-scroll-devices=\"small-visibility,medium-visibility,large-visibility\"><div class=\"fusion-column-wrapper fusion-column-has-shadow fusion-flex-justify-content-flex-start fusion-content-layout-column\"><div class=\"fusion-title title fusion-title-1 fusion-sep-none fusion-title-text fusion-title-size-one\" style=\"--awb-margin-top-small:10px;--awb-margin-right-small:0px;--awb-margin-bottom-small:10px;--awb-margin-left-small:0px;\"><h1 class=\"fusion-title-heading title-heading-left fusion-responsive-typography-calculated\" style=\"margin:0;--fontSize:50;line-height:var(--awb-typography1-line-height);\">Professionnels des soins de la sant\u00e9<\/h1><\/div><\/div><\/div><\/div><\/div>\n<div id=\"eyecare\" class=\"fusion-container-anchor\"><div class=\"fusion-fullwidth fullwidth-box fusion-builder-row-2 fusion-flex-container has-pattern-background has-mask-background nonhundred-percent-fullwidth non-hundred-percent-height-scrolling\" style=\"--awb-border-radius-top-left:0px;--awb-border-radius-top-right:0px;--awb-border-radius-bottom-right:0px;--awb-border-radius-bottom-left:0px;--awb-flex-wrap:wrap;\" ><div class=\"fusion-builder-row fusion-row fusion-flex-align-items-flex-start fusion-flex-content-wrap\" style=\"max-width:1442px;margin-left: calc(-3% \/ 2 );margin-right: calc(-3% \/ 2 );\"><div class=\"fusion-layout-column fusion_builder_column fusion-builder-column-1 fusion_builder_column_1_1 1_1 fusion-flex-column\" style=\"--awb-padding-right:35px;--awb-padding-left:35px;--awb-padding-right-small:7px;--awb-padding-left-small:7px;--awb-bg-size:cover;--awb-width-large:100%;--awb-margin-top-large:0px;--awb-spacing-right-large:1.455%;--awb-margin-bottom-large:30px;--awb-spacing-left-large:1.455%;--awb-width-medium:100%;--awb-order-medium:0;--awb-spacing-right-medium:1.455%;--awb-spacing-left-medium:1.455%;--awb-width-small:100%;--awb-order-small:0;--awb-spacing-right-small:1.455%;--awb-spacing-left-small:1.455%;\" data-scroll-devices=\"small-visibility,medium-visibility,large-visibility\"><div class=\"fusion-column-wrapper fusion-column-has-shadow fusion-flex-justify-content-flex-start fusion-content-layout-column\"><div class=\"fusion-builder-row fusion-builder-row-inner fusion-row fusion-flex-align-items-flex-start fusion-flex-content-wrap\" style=\"--awb-flex-grow:0;--awb-flex-grow-medium:0;--awb-flex-grow-small:0;--awb-flex-shrink:0;--awb-flex-shrink-medium:0;--awb-flex-shrink-small:0;width:103% !important;max-width:103% !important;margin-left: calc(-3% \/ 2 );margin-right: calc(-3% \/ 2 );\"><div class=\"fusion-layout-column fusion_builder_column_inner fusion-builder-nested-column-0 fusion_builder_column_inner_3_5 3_5 fusion-flex-column\" style=\"--awb-bg-size:cover;--awb-width-large:60%;--awb-margin-top-large:0px;--awb-spacing-right-large:2.425%;--awb-margin-bottom-large:0px;--awb-spacing-left-large:2.425%;--awb-width-medium:60%;--awb-order-medium:0;--awb-spacing-right-medium:2.425%;--awb-spacing-left-medium:2.425%;--awb-width-small:100%;--awb-order-small:0;--awb-spacing-right-small:1.455%;--awb-spacing-left-small:1.455%;\"><div class=\"fusion-column-wrapper fusion-column-has-shadow fusion-flex-justify-content-flex-start fusion-content-layout-column\"><div class=\"fusion-title title fusion-title-2 fusion-sep-none fusion-title-text fusion-title-size-two\" style=\"--awb-margin-top-small:10px;--awb-margin-right-small:0px;--awb-margin-bottom-small:10px;--awb-margin-left-small:0px;\"><h2 class=\"fusion-title-heading title-heading-left fusion-responsive-typography-calculated\" style=\"margin:0;--fontSize:40;line-height:var(--awb-typography1-line-height);\">Recommander des gouttes oculaires sans produits chimiques agressifs<\/h2><\/div><div class=\"fusion-text fusion-text-1\"><p class=\"for-hcp-secondblock\"><strong>Caract\u00e9ristiques et avantages cl\u00e9s :<\/strong><\/p>\n<ul>\n<li>Aucun antihistaminique<\/li>\n<li>Aucun vasoconstricteur<\/li>\n<li>Aucun agent de conservation agressif<\/li>\n<li>Peuvent \u00eatre utilis\u00e9es apr\u00e8s le LASIK<\/li>\n<li>Peuvent \u00eatre utilis\u00e9es avec des produits par ordonnance<\/li>\n<li>Peut \u00eatre utilis\u00e9es avec des lentilles de contact<\/li>\n<li>Utilis\u00e9es par des m\u00e9decins et des familles en Suisse depuis plus de 40 ans<\/li>\n<li>Formules test\u00e9es en Suisse pour l\u2019efficacit\u00e9 avant le lancement<\/li>\n<li>Disponible sans une ordonnance chez la plupart des grands d\u00e9taillants<\/li>\n<li>\u00c0 utiliser par les adultes et les enfants de plus de 2 ans<\/li>\n<li>Fabriqu\u00e9es conform\u00e9ment aux r\u00e9glementations de\u00a0<a class=\"external-processed\" href=\"http:\/\/www.canada.ca\/en\/health-canada.html\" target=\"_blank\" rel=\"noopener noreferrer\" data-cke-saved-href=\"http:\/\/www.canada.ca\/en\/health-canada.html\">Sant\u00e9 Canada<\/a><\/li>\n<\/ul>\n<\/div><\/div><\/div><div class=\"fusion-layout-column fusion_builder_column_inner fusion-builder-nested-column-1 fusion_builder_column_inner_2_5 2_5 fusion-flex-column\" style=\"--awb-padding-top:40px;--awb-bg-size:cover;--awb-width-large:40%;--awb-margin-top-large:0px;--awb-spacing-right-large:3.6375%;--awb-margin-bottom-large:0px;--awb-spacing-left-large:3.6375%;--awb-width-medium:40%;--awb-order-medium:0;--awb-spacing-right-medium:3.6375%;--awb-spacing-left-medium:3.6375%;--awb-width-small:100%;--awb-order-small:0;--awb-spacing-right-small:1.455%;--awb-spacing-left-small:1.455%;\" data-scroll-devices=\"small-visibility,medium-visibility,large-visibility\"><div class=\"fusion-column-wrapper fusion-column-has-shadow fusion-flex-justify-content-flex-start fusion-content-layout-column\"><div class=\"fusion-image-element \" style=\"text-align:center;--awb-caption-title-font-family:var(--h2_typography-font-family);--awb-caption-title-font-weight:var(--h2_typography-font-weight);--awb-caption-title-font-style:var(--h2_typography-font-style);--awb-caption-title-size:var(--h2_typography-font-size);--awb-caption-title-transform:var(--h2_typography-text-transform);--awb-caption-title-line-height:var(--h2_typography-line-height);--awb-caption-title-letter-spacing:var(--h2_typography-letter-spacing);\"><span class=\" fusion-imageframe imageframe-none imageframe-1 hover-type-none\"><img decoding=\"async\" width=\"308\" height=\"215\" alt=\"Examen de sant\u00e9\" title=\"Examen de sant\u00e9\" src=\"https:\/\/similasan.ca\/wp-content\/uploads\/2025\/03\/Health-pro_image1.jpg\" class=\"img-responsive wp-image-1518\" srcset=\"https:\/\/similasan.ca\/wp-content\/uploads\/2025\/03\/Health-pro_image1-200x140.jpg 200w, https:\/\/similasan.ca\/wp-content\/uploads\/2025\/03\/Health-pro_image1.jpg 308w\" sizes=\"(max-width: 767px) 100vw, 308px\" \/><\/span><\/div><\/div><\/div><\/div><\/div><\/div><\/div><\/div><\/div><div class=\"fusion-fullwidth fullwidth-box fusion-builder-row-3 fusion-flex-container has-pattern-background has-mask-background nonhundred-percent-fullwidth non-hundred-percent-height-scrolling\" style=\"--awb-border-radius-top-left:0px;--awb-border-radius-top-right:0px;--awb-border-radius-bottom-right:0px;--awb-border-radius-bottom-left:0px;--awb-flex-wrap:wrap;\" ><div class=\"fusion-builder-row fusion-row fusion-flex-align-items-flex-start fusion-flex-content-wrap\" style=\"max-width:1442px;margin-left: calc(-3% \/ 2 );margin-right: calc(-3% \/ 2 );\"><div class=\"fusion-layout-column fusion_builder_column fusion-builder-column-2 fusion_builder_column_1_1 1_1 fusion-flex-column\" style=\"--awb-padding-right:35px;--awb-padding-left:35px;--awb-padding-right-small:7px;--awb-padding-left-small:7px;--awb-bg-size:cover;--awb-width-large:100%;--awb-margin-top-large:0px;--awb-spacing-right-large:1.455%;--awb-margin-bottom-large:0px;--awb-spacing-left-large:1.455%;--awb-width-medium:100%;--awb-order-medium:0;--awb-spacing-right-medium:1.455%;--awb-spacing-left-medium:1.455%;--awb-width-small:100%;--awb-order-small:0;--awb-spacing-right-small:1.455%;--awb-spacing-left-small:1.455%;\" data-scroll-devices=\"small-visibility,medium-visibility,large-visibility\"><div class=\"fusion-column-wrapper fusion-column-has-shadow fusion-flex-justify-content-flex-start fusion-content-layout-column\"><div class=\"fusion-separator fusion-full-width-sep\" style=\"align-self: center;margin-left: auto;margin-right: auto;margin-top:1em;margin-bottom:1.5em;width:100%;\"><div class=\"fusion-separator-border sep-single sep-solid\" style=\"--awb-height:20px;--awb-amount:20px;--awb-sep-color:var(--awb-color6);border-color:var(--awb-color6);border-top-width:3px;\"><\/div><\/div><div class=\"fusion-title title fusion-title-3 fusion-sep-none fusion-title-text fusion-title-size-two\" style=\"--awb-margin-top-small:10px;--awb-margin-right-small:0px;--awb-margin-bottom-small:10px;--awb-margin-left-small:0px;\"><h2 class=\"fusion-title-heading title-heading-left fusion-responsive-typography-calculated\" style=\"margin:0;--fontSize:40;line-height:var(--awb-typography1-line-height);\">Comment Similasan peut-elle aider vos patients?<\/h2><\/div><div class=\"fusion-text fusion-text-2\"><p>L\u2019hom\u00e9opathie est un processus ind\u00e9pendant qui agit en harmonie avec le syst\u00e8me immunitaire du corps. L\u2019hom\u00e9opathie agit de l\u2019int\u00e9rieur vers l\u2019ext\u00e9rieur, aidant le corps \u00e0 se d\u00e9fendre contre les conditions et procurer un soulagement temporaire. Contrairement aux m\u00e9dicaments traditionnels, l\u2019hom\u00e9opathie soutient les d\u00e9fenses naturelles du corps plut\u00f4t que supprimer les sympt\u00f4mes d\u2019une maladie. Le mode d\u2019action hom\u00e9opathique est semblable, en th\u00e9orie, \u00e0 un vaccin conventionnel contre les allergies ou la grippe.<\/p>\n<p>Lors de la production des m\u00e9dicaments hom\u00e9opathiques, les ingr\u00e9dients actifs naturels (provenant des min\u00e9raux, des plantes ou des animaux) subissent un processus de dilution de s\u00e9rie, o\u00f9 une microdilution est cr\u00e9\u00e9e. Techniquement, la concentration d\u2019une solution est repr\u00e9sent\u00e9e par un \u00ab X \u00bb. Par exemple, un ingr\u00e9dient dilu\u00e9 au niveau de 6X contient 0,0000001 % de l\u2019ingr\u00e9dient actif; les ingr\u00e9dients actifs dans nos rem\u00e8des hom\u00e9opathiques sont donc tr\u00e8s dilu\u00e9s.<\/p>\n<\/div><div class=\"fusion-separator fusion-full-width-sep\" style=\"align-self: center;margin-left: auto;margin-right: auto;margin-top:10px;width:100%;\"><\/div>\n<div ><a class=\"fusion-button button-flat fusion-button-default-size button-default fusion-button-default button-1 fusion-button-default-span fusion-button-default-type\" style=\"--awb-margin-bottom:10px;\" target=\"_self\" title=\"EN SAVOIR PLUS AU SUJET DES INGR\u00c9DIENTS DE SIMILASAN\" aria-label=\"EN SAVOIR PLUS AU SUJET DES INGR\u00c9DIENTS DE SIMILASAN\" href=\"\/fr\/ingredients\/\"><span class=\"fusion-button-text awb-button__text awb-button__text--default\">EN SAVOIR PLUS AU SUJET DES INGR\u00c9DIENTS DE SIMILASAN<\/span><\/a><\/div><div class=\"fusion-separator fusion-full-width-sep\" style=\"align-self: center;margin-left: auto;margin-right: auto;margin-top:1.5em;margin-bottom:1.5em;width:100%;\"><div class=\"fusion-separator-border sep-single sep-solid\" style=\"--awb-height:20px;--awb-amount:20px;--awb-sep-color:var(--awb-color6);border-color:var(--awb-color6);border-top-width:3px;\"><\/div><\/div><div class=\"fusion-title title fusion-title-4 fusion-sep-none fusion-title-text fusion-title-size-two\" style=\"--awb-margin-top-small:10px;--awb-margin-right-small:0px;--awb-margin-bottom-small:10px;--awb-margin-left-small:0px;\"><h2 class=\"fusion-title-heading title-heading-left fusion-responsive-typography-calculated\" style=\"margin:0;--fontSize:40;line-height:var(--awb-typography1-line-height);\">Contactez-nous<\/h2><\/div><div class=\"fusion-text fusion-text-3 fusion-text-no-margin\" style=\"--awb-margin-bottom:30px;\"><p><a href=\"https:\/\/similasan.ca\/fr\/contactez-nous\" data-cke-saved-href=\"https:\/\/similasan.ca\/fr\/contactez-nous\/\">Contactez-nous<\/a>\u00a0si votre patient pose une question au sujet des rem\u00e8des Similasan, ou si vous \u00eates int\u00e9ress\u00e9s d\u2019en savoir plus au sujet de Similasan.<\/p>\n<\/div><\/div><\/div><\/div><\/div><\/p>\n","protected":false},"excerpt":{"rendered":"","protected":false},"author":1,"featured_media":0,"parent":0,"menu_order":53,"comment_status":"closed","ping_status":"closed","template":"100-width.php","meta":{"_acf_changed":false,"footnotes":""},"class_list":["post-1517","page","type-page","status-publish","hentry"],"acf":[],"yoast_head":"<!-- This site is optimized with the Yoast SEO plugin v27.5 - https:\/\/yoast.com\/product\/yoast-seo-wordpress\/ -->\n<title>Pour les professionnels de la sant\u00e9 | Similasan Canada<\/title>\n<meta name=\"description\" content=\"Similasan s&#039;engage \u00e0 aider les familles \u00e0 se sentir mieux. Nos rem\u00e8des naturels soulagent temporairement les sympt\u00f4mes des affections oculaires, auriculaires, nasales, c\u00e9r\u00e9brales et thoraciques sans utiliser de produits chimiques agressifs.\" \/>\n<meta name=\"robots\" content=\"index, follow, max-snippet:-1, max-image-preview:large, max-video-preview:-1\" \/>\n<link rel=\"canonical\" href=\"https:\/\/similasan.ca\/fr\/professionnels-des-soins-de-la-sante\/\" \/>\n<meta property=\"og:locale\" content=\"fr_CA\" \/>\n<meta property=\"og:type\" content=\"article\" \/>\n<meta property=\"og:title\" content=\"Pour les professionnels de la sant\u00e9 | Similasan Canada\" \/>\n<meta property=\"og:description\" content=\"Similasan s&#039;engage \u00e0 aider les familles \u00e0 se sentir mieux. Nos rem\u00e8des naturels soulagent temporairement les sympt\u00f4mes des affections oculaires, auriculaires, nasales, c\u00e9r\u00e9brales et thoraciques sans utiliser de produits chimiques agressifs.\" \/>\n<meta property=\"og:url\" content=\"https:\/\/similasan.ca\/fr\/professionnels-des-soins-de-la-sante\/\" \/>\n<meta property=\"og:site_name\" content=\"Similasan Canada\" \/>\n<meta property=\"article:publisher\" content=\"https:\/\/www.facebook.com\/Similasan\" \/>\n<meta property=\"article:modified_time\" content=\"2025-04-02T21:54:46+00:00\" \/>\n<meta property=\"og:image\" content=\"https:\/\/similasan.ca\/wp-content\/uploads\/2025\/03\/Similasan1200.jpg\" \/>\n\t<meta property=\"og:image:width\" content=\"1200\" \/>\n\t<meta property=\"og:image:height\" content=\"675\" \/>\n\t<meta property=\"og:image:type\" content=\"image\/jpeg\" \/>\n<meta name=\"twitter:card\" content=\"summary_large_image\" \/>\n<meta name=\"twitter:label1\" content=\"Estimation du temps de lecture\" \/>\n\t<meta name=\"twitter:data1\" content=\"2 minutes\" \/>\n<script type=\"application\/ld+json\" class=\"yoast-schema-graph\">{\"@context\":\"https:\\\/\\\/schema.org\",\"@graph\":[{\"@type\":\"WebPage\",\"@id\":\"https:\\\/\\\/similasan.ca\\\/fr\\\/professionnels-des-soins-de-la-sante\\\/\",\"url\":\"https:\\\/\\\/similasan.ca\\\/fr\\\/professionnels-des-soins-de-la-sante\\\/\",\"name\":\"Pour les professionnels de la sant\u00e9 | Similasan Canada\",\"isPartOf\":{\"@id\":\"https:\\\/\\\/similasan.ca\\\/fr\\\/#website\"},\"datePublished\":\"2025-03-06T02:22:55+00:00\",\"dateModified\":\"2025-04-02T21:54:46+00:00\",\"description\":\"Similasan s'engage \u00e0 aider les familles \u00e0 se sentir mieux. Nos rem\u00e8des naturels soulagent temporairement les sympt\u00f4mes des affections oculaires, auriculaires, nasales, c\u00e9r\u00e9brales et thoraciques sans utiliser de produits chimiques agressifs.\",\"breadcrumb\":{\"@id\":\"https:\\\/\\\/similasan.ca\\\/fr\\\/professionnels-des-soins-de-la-sante\\\/#breadcrumb\"},\"inLanguage\":\"fr-CA\",\"potentialAction\":[{\"@type\":\"ReadAction\",\"target\":[\"https:\\\/\\\/similasan.ca\\\/fr\\\/professionnels-des-soins-de-la-sante\\\/\"]}]},{\"@type\":\"BreadcrumbList\",\"@id\":\"https:\\\/\\\/similasan.ca\\\/fr\\\/professionnels-des-soins-de-la-sante\\\/#breadcrumb\",\"itemListElement\":[{\"@type\":\"ListItem\",\"position\":1,\"name\":\"Home\",\"item\":\"https:\\\/\\\/similasan.ca\\\/fr\\\/\"},{\"@type\":\"ListItem\",\"position\":2,\"name\":\"Professionnels des soins de la sant\u00e9\"}]},{\"@type\":\"WebSite\",\"@id\":\"https:\\\/\\\/similasan.ca\\\/fr\\\/#website\",\"url\":\"https:\\\/\\\/similasan.ca\\\/fr\\\/\",\"name\":\"Similasan Canada\",\"description\":\"Feel Good About Feeling Better\u2122\",\"publisher\":{\"@id\":\"https:\\\/\\\/similasan.ca\\\/fr\\\/#organization\"},\"potentialAction\":[{\"@type\":\"SearchAction\",\"target\":{\"@type\":\"EntryPoint\",\"urlTemplate\":\"https:\\\/\\\/similasan.ca\\\/fr\\\/?s={search_term_string}\"},\"query-input\":{\"@type\":\"PropertyValueSpecification\",\"valueRequired\":true,\"valueName\":\"search_term_string\"}}],\"inLanguage\":\"fr-CA\"},{\"@type\":\"Organization\",\"@id\":\"https:\\\/\\\/similasan.ca\\\/fr\\\/#organization\",\"name\":\"Similasan\",\"url\":\"https:\\\/\\\/similasan.ca\\\/fr\\\/\",\"logo\":{\"@type\":\"ImageObject\",\"inLanguage\":\"fr-CA\",\"@id\":\"https:\\\/\\\/similasan.ca\\\/fr\\\/#\\\/schema\\\/logo\\\/image\\\/\",\"url\":\"https:\\\/\\\/similasan.ca\\\/wp-content\\\/uploads\\\/2025\\\/03\\\/Similasan696-1.jpg\",\"contentUrl\":\"https:\\\/\\\/similasan.ca\\\/wp-content\\\/uploads\\\/2025\\\/03\\\/Similasan696-1.jpg\",\"width\":696,\"height\":696,\"caption\":\"Similasan\"},\"image\":{\"@id\":\"https:\\\/\\\/similasan.ca\\\/fr\\\/#\\\/schema\\\/logo\\\/image\\\/\"},\"sameAs\":[\"https:\\\/\\\/www.facebook.com\\\/Similasan\"]}]}<\/script>\n<!-- \/ Yoast SEO plugin. -->","yoast_head_json":{"title":"Pour les professionnels de la sant\u00e9 | Similasan Canada","description":"Similasan s'engage \u00e0 aider les familles \u00e0 se sentir mieux. Nos rem\u00e8des naturels soulagent temporairement les sympt\u00f4mes des affections oculaires, auriculaires, nasales, c\u00e9r\u00e9brales et thoraciques sans utiliser de produits chimiques agressifs.","robots":{"index":"index","follow":"follow","max-snippet":"max-snippet:-1","max-image-preview":"max-image-preview:large","max-video-preview":"max-video-preview:-1"},"canonical":"https:\/\/similasan.ca\/fr\/professionnels-des-soins-de-la-sante\/","og_locale":"fr_CA","og_type":"article","og_title":"Pour les professionnels de la sant\u00e9 | Similasan Canada","og_description":"Similasan s'engage \u00e0 aider les familles \u00e0 se sentir mieux. Nos rem\u00e8des naturels soulagent temporairement les sympt\u00f4mes des affections oculaires, auriculaires, nasales, c\u00e9r\u00e9brales et thoraciques sans utiliser de produits chimiques agressifs.","og_url":"https:\/\/similasan.ca\/fr\/professionnels-des-soins-de-la-sante\/","og_site_name":"Similasan Canada","article_publisher":"https:\/\/www.facebook.com\/Similasan","article_modified_time":"2025-04-02T21:54:46+00:00","og_image":[{"width":1200,"height":675,"url":"https:\/\/similasan.ca\/wp-content\/uploads\/2025\/03\/Similasan1200.jpg","type":"image\/jpeg"}],"twitter_card":"summary_large_image","twitter_misc":{"Estimation du temps de lecture":"2 minutes"},"schema":{"@context":"https:\/\/schema.org","@graph":[{"@type":"WebPage","@id":"https:\/\/similasan.ca\/fr\/professionnels-des-soins-de-la-sante\/","url":"https:\/\/similasan.ca\/fr\/professionnels-des-soins-de-la-sante\/","name":"Pour les professionnels de la sant\u00e9 | Similasan Canada","isPartOf":{"@id":"https:\/\/similasan.ca\/fr\/#website"},"datePublished":"2025-03-06T02:22:55+00:00","dateModified":"2025-04-02T21:54:46+00:00","description":"Similasan s'engage \u00e0 aider les familles \u00e0 se sentir mieux. Nos rem\u00e8des naturels soulagent temporairement les sympt\u00f4mes des affections oculaires, auriculaires, nasales, c\u00e9r\u00e9brales et thoraciques sans utiliser de produits chimiques agressifs.","breadcrumb":{"@id":"https:\/\/similasan.ca\/fr\/professionnels-des-soins-de-la-sante\/#breadcrumb"},"inLanguage":"fr-CA","potentialAction":[{"@type":"ReadAction","target":["https:\/\/similasan.ca\/fr\/professionnels-des-soins-de-la-sante\/"]}]},{"@type":"BreadcrumbList","@id":"https:\/\/similasan.ca\/fr\/professionnels-des-soins-de-la-sante\/#breadcrumb","itemListElement":[{"@type":"ListItem","position":1,"name":"Home","item":"https:\/\/similasan.ca\/fr\/"},{"@type":"ListItem","position":2,"name":"Professionnels des soins de la sant\u00e9"}]},{"@type":"WebSite","@id":"https:\/\/similasan.ca\/fr\/#website","url":"https:\/\/similasan.ca\/fr\/","name":"Similasan Canada","description":"Feel Good About Feeling Better\u2122","publisher":{"@id":"https:\/\/similasan.ca\/fr\/#organization"},"potentialAction":[{"@type":"SearchAction","target":{"@type":"EntryPoint","urlTemplate":"https:\/\/similasan.ca\/fr\/?s={search_term_string}"},"query-input":{"@type":"PropertyValueSpecification","valueRequired":true,"valueName":"search_term_string"}}],"inLanguage":"fr-CA"},{"@type":"Organization","@id":"https:\/\/similasan.ca\/fr\/#organization","name":"Similasan","url":"https:\/\/similasan.ca\/fr\/","logo":{"@type":"ImageObject","inLanguage":"fr-CA","@id":"https:\/\/similasan.ca\/fr\/#\/schema\/logo\/image\/","url":"https:\/\/similasan.ca\/wp-content\/uploads\/2025\/03\/Similasan696-1.jpg","contentUrl":"https:\/\/similasan.ca\/wp-content\/uploads\/2025\/03\/Similasan696-1.jpg","width":696,"height":696,"caption":"Similasan"},"image":{"@id":"https:\/\/similasan.ca\/fr\/#\/schema\/logo\/image\/"},"sameAs":["https:\/\/www.facebook.com\/Similasan"]}]}},"_links":{"self":[{"href":"https:\/\/similasan.ca\/fr\/wp-json\/wp\/v2\/pages\/1517","targetHints":{"allow":["GET"]}}],"collection":[{"href":"https:\/\/similasan.ca\/fr\/wp-json\/wp\/v2\/pages"}],"about":[{"href":"https:\/\/similasan.ca\/fr\/wp-json\/wp\/v2\/types\/page"}],"author":[{"embeddable":true,"href":"https:\/\/similasan.ca\/fr\/wp-json\/wp\/v2\/users\/1"}],"replies":[{"embeddable":true,"href":"https:\/\/similasan.ca\/fr\/wp-json\/wp\/v2\/comments?post=1517"}],"version-history":[{"count":0,"href":"https:\/\/similasan.ca\/fr\/wp-json\/wp\/v2\/pages\/1517\/revisions"}],"wp:attachment":[{"href":"https:\/\/similasan.ca\/fr\/wp-json\/wp\/v2\/media?parent=1517"}],"curies":[{"name":"wp","href":"https:\/\/api.w.org\/{rel}","templated":true}]}}