{"id":1530,"date":"2025-03-14T04:25:31","date_gmt":"2025-03-14T10:25:31","guid":{"rendered":"https:\/\/similasan.ca\/thank-you\/"},"modified":"2025-04-02T15:53:23","modified_gmt":"2025-04-02T21:53:23","slug":"merci","status":"publish","type":"page","link":"https:\/\/similasan.ca\/fr\/merci\/","title":{"rendered":"Merci"},"content":{"rendered":"<p><div class=\"fusion-fullwidth fullwidth-box fusion-builder-row-1 fusion-flex-container has-pattern-background has-mask-background nonhundred-percent-fullwidth non-hundred-percent-height-scrolling\" style=\"--awb-border-radius-top-left:0px;--awb-border-radius-top-right:0px;--awb-border-radius-bottom-right:0px;--awb-border-radius-bottom-left:0px;--awb-flex-wrap:wrap;\" ><div class=\"fusion-builder-row fusion-row fusion-flex-align-items-flex-start fusion-flex-content-wrap\" style=\"max-width:1442px;margin-left: calc(-3% \/ 2 );margin-right: calc(-3% \/ 2 );\"><div class=\"fusion-layout-column fusion_builder_column fusion-builder-column-0 fusion_builder_column_1_1 1_1 fusion-flex-column\" style=\"--awb-bg-size:cover;--awb-width-large:100%;--awb-margin-top-large:0px;--awb-spacing-right-large:1.455%;--awb-margin-bottom-large:35px;--awb-spacing-left-large:1.455%;--awb-width-medium:100%;--awb-order-medium:0;--awb-spacing-right-medium:1.455%;--awb-spacing-left-medium:1.455%;--awb-width-small:100%;--awb-order-small:0;--awb-spacing-right-small:1.455%;--awb-margin-bottom-small:10px;--awb-spacing-left-small:1.455%;\" data-scroll-devices=\"small-visibility,medium-visibility,large-visibility\"><div class=\"fusion-column-wrapper fusion-column-has-shadow fusion-flex-justify-content-flex-start fusion-content-layout-column\"><div class=\"fusion-title title fusion-title-1 fusion-sep-none fusion-title-text fusion-title-size-one\" style=\"--awb-margin-top-small:10px;--awb-margin-right-small:0px;--awb-margin-bottom-small:10px;--awb-margin-left-small:0px;\"><h1 class=\"fusion-title-heading title-heading-left fusion-responsive-typography-calculated\" style=\"margin:0;--fontSize:50;line-height:var(--awb-typography1-line-height);\">Merci<\/h1><\/div><\/div><\/div><\/div><\/div>\n<div class=\"fusion-fullwidth fullwidth-box fusion-builder-row-2 fusion-flex-container has-pattern-background has-mask-background nonhundred-percent-fullwidth non-hundred-percent-height-scrolling\" style=\"--awb-border-radius-top-left:0px;--awb-border-radius-top-right:0px;--awb-border-radius-bottom-right:0px;--awb-border-radius-bottom-left:0px;--awb-min-height:400px;--awb-min-height-medium:300px;--awb-min-height-small:150px;--awb-flex-wrap:wrap;\" ><div class=\"fusion-builder-row fusion-row fusion-flex-align-items-flex-start fusion-flex-content-wrap\" style=\"max-width:1442px;margin-left: calc(-3% \/ 2 );margin-right: calc(-3% \/ 2 );\"><div class=\"fusion-layout-column fusion_builder_column fusion-builder-column-1 fusion_builder_column_1_1 1_1 fusion-flex-column\" style=\"--awb-padding-right:35px;--awb-padding-left:35px;--awb-padding-right-small:7px;--awb-padding-left-small:7px;--awb-bg-size:cover;--awb-width-large:100%;--awb-margin-top-large:0px;--awb-spacing-right-large:1.455%;--awb-margin-bottom-large:0px;--awb-spacing-left-large:1.455%;--awb-width-medium:100%;--awb-order-medium:0;--awb-spacing-right-medium:1.455%;--awb-spacing-left-medium:1.455%;--awb-width-small:100%;--awb-order-small:0;--awb-spacing-right-small:1.455%;--awb-spacing-left-small:1.455%;\" data-scroll-devices=\"small-visibility,medium-visibility,large-visibility\"><div class=\"fusion-column-wrapper fusion-column-has-shadow fusion-flex-justify-content-flex-start fusion-content-layout-column\"><div class=\"fusion-text fusion-text-1\"><p>Votre soumission a \u00e9t\u00e9 re\u00e7ue par Similasan.<\/p>\n<\/div><\/div><\/div><\/div><\/div><\/p>\n","protected":false},"excerpt":{"rendered":"","protected":false},"author":1,"featured_media":0,"parent":0,"menu_order":99,"comment_status":"closed","ping_status":"closed","template":"100-width.php","meta":{"_acf_changed":false,"footnotes":""},"class_list":["post-1530","page","type-page","status-publish","hentry"],"acf":[],"yoast_head":"<!-- This site is optimized with the Yoast SEO plugin v27.4 - https:\/\/yoast.com\/product\/yoast-seo-wordpress\/ -->\n<title>Merci | Similasan Canada<\/title>\n<meta name=\"description\" content=\"Similasan s&#039;engage \u00e0 aider les familles \u00e0 se sentir mieux. Nos rem\u00e8des naturels soulagent temporairement les sympt\u00f4mes des affections oculaires, auriculaires, nasales, c\u00e9r\u00e9brales et thoraciques sans utiliser de produits chimiques agressifs.\" \/>\n<meta name=\"robots\" content=\"index, follow, max-snippet:-1, max-image-preview:large, max-video-preview:-1\" \/>\n<link rel=\"canonical\" href=\"https:\/\/similasan.ca\/fr\/merci\/\" \/>\n<meta property=\"og:locale\" content=\"fr_CA\" \/>\n<meta property=\"og:type\" content=\"article\" \/>\n<meta property=\"og:title\" content=\"Merci | Similasan Canada\" \/>\n<meta property=\"og:description\" content=\"Similasan s&#039;engage \u00e0 aider les familles \u00e0 se sentir mieux. Nos rem\u00e8des naturels soulagent temporairement les sympt\u00f4mes des affections oculaires, auriculaires, nasales, c\u00e9r\u00e9brales et thoraciques sans utiliser de produits chimiques agressifs.\" \/>\n<meta property=\"og:url\" content=\"https:\/\/similasan.ca\/fr\/merci\/\" \/>\n<meta property=\"og:site_name\" content=\"Similasan Canada\" \/>\n<meta property=\"article:publisher\" content=\"https:\/\/www.facebook.com\/Similasan\" \/>\n<meta property=\"article:modified_time\" content=\"2025-04-02T21:53:23+00:00\" \/>\n<meta property=\"og:image\" content=\"https:\/\/similasan.ca\/wp-content\/uploads\/2025\/03\/Similasan1200.jpg\" \/>\n\t<meta property=\"og:image:width\" content=\"1200\" \/>\n\t<meta property=\"og:image:height\" content=\"675\" \/>\n\t<meta property=\"og:image:type\" content=\"image\/jpeg\" \/>\n<meta name=\"twitter:card\" content=\"summary_large_image\" \/>\n<meta name=\"twitter:label1\" content=\"Estimation du temps de lecture\" \/>\n\t<meta name=\"twitter:data1\" content=\"1 minute\" \/>\n<script type=\"application\/ld+json\" class=\"yoast-schema-graph\">{\"@context\":\"https:\\\/\\\/schema.org\",\"@graph\":[{\"@type\":\"WebPage\",\"@id\":\"https:\\\/\\\/similasan.ca\\\/fr\\\/merci\\\/\",\"url\":\"https:\\\/\\\/similasan.ca\\\/fr\\\/merci\\\/\",\"name\":\"Merci | Similasan Canada\",\"isPartOf\":{\"@id\":\"https:\\\/\\\/similasan.ca\\\/fr\\\/#website\"},\"datePublished\":\"2025-03-14T10:25:31+00:00\",\"dateModified\":\"2025-04-02T21:53:23+00:00\",\"description\":\"Similasan s'engage \u00e0 aider les familles \u00e0 se sentir mieux. Nos rem\u00e8des naturels soulagent temporairement les sympt\u00f4mes des affections oculaires, auriculaires, nasales, c\u00e9r\u00e9brales et thoraciques sans utiliser de produits chimiques agressifs.\",\"breadcrumb\":{\"@id\":\"https:\\\/\\\/similasan.ca\\\/fr\\\/merci\\\/#breadcrumb\"},\"inLanguage\":\"fr-CA\",\"potentialAction\":[{\"@type\":\"ReadAction\",\"target\":[\"https:\\\/\\\/similasan.ca\\\/fr\\\/merci\\\/\"]}]},{\"@type\":\"BreadcrumbList\",\"@id\":\"https:\\\/\\\/similasan.ca\\\/fr\\\/merci\\\/#breadcrumb\",\"itemListElement\":[{\"@type\":\"ListItem\",\"position\":1,\"name\":\"Home\",\"item\":\"https:\\\/\\\/similasan.ca\\\/fr\\\/\"},{\"@type\":\"ListItem\",\"position\":2,\"name\":\"Merci\"}]},{\"@type\":\"WebSite\",\"@id\":\"https:\\\/\\\/similasan.ca\\\/fr\\\/#website\",\"url\":\"https:\\\/\\\/similasan.ca\\\/fr\\\/\",\"name\":\"Similasan Canada\",\"description\":\"Feel Good About Feeling Better\u2122\",\"publisher\":{\"@id\":\"https:\\\/\\\/similasan.ca\\\/fr\\\/#organization\"},\"potentialAction\":[{\"@type\":\"SearchAction\",\"target\":{\"@type\":\"EntryPoint\",\"urlTemplate\":\"https:\\\/\\\/similasan.ca\\\/fr\\\/?s={search_term_string}\"},\"query-input\":{\"@type\":\"PropertyValueSpecification\",\"valueRequired\":true,\"valueName\":\"search_term_string\"}}],\"inLanguage\":\"fr-CA\"},{\"@type\":\"Organization\",\"@id\":\"https:\\\/\\\/similasan.ca\\\/fr\\\/#organization\",\"name\":\"Similasan\",\"url\":\"https:\\\/\\\/similasan.ca\\\/fr\\\/\",\"logo\":{\"@type\":\"ImageObject\",\"inLanguage\":\"fr-CA\",\"@id\":\"https:\\\/\\\/similasan.ca\\\/fr\\\/#\\\/schema\\\/logo\\\/image\\\/\",\"url\":\"https:\\\/\\\/similasan.ca\\\/wp-content\\\/uploads\\\/2025\\\/03\\\/Similasan696-1.jpg\",\"contentUrl\":\"https:\\\/\\\/similasan.ca\\\/wp-content\\\/uploads\\\/2025\\\/03\\\/Similasan696-1.jpg\",\"width\":696,\"height\":696,\"caption\":\"Similasan\"},\"image\":{\"@id\":\"https:\\\/\\\/similasan.ca\\\/fr\\\/#\\\/schema\\\/logo\\\/image\\\/\"},\"sameAs\":[\"https:\\\/\\\/www.facebook.com\\\/Similasan\"]}]}<\/script>\n<!-- \/ Yoast SEO plugin. -->","yoast_head_json":{"title":"Merci | Similasan Canada","description":"Similasan s'engage \u00e0 aider les familles \u00e0 se sentir mieux. Nos rem\u00e8des naturels soulagent temporairement les sympt\u00f4mes des affections oculaires, auriculaires, nasales, c\u00e9r\u00e9brales et thoraciques sans utiliser de produits chimiques agressifs.","robots":{"index":"index","follow":"follow","max-snippet":"max-snippet:-1","max-image-preview":"max-image-preview:large","max-video-preview":"max-video-preview:-1"},"canonical":"https:\/\/similasan.ca\/fr\/merci\/","og_locale":"fr_CA","og_type":"article","og_title":"Merci | Similasan Canada","og_description":"Similasan s'engage \u00e0 aider les familles \u00e0 se sentir mieux. Nos rem\u00e8des naturels soulagent temporairement les sympt\u00f4mes des affections oculaires, auriculaires, nasales, c\u00e9r\u00e9brales et thoraciques sans utiliser de produits chimiques agressifs.","og_url":"https:\/\/similasan.ca\/fr\/merci\/","og_site_name":"Similasan Canada","article_publisher":"https:\/\/www.facebook.com\/Similasan","article_modified_time":"2025-04-02T21:53:23+00:00","og_image":[{"width":1200,"height":675,"url":"https:\/\/similasan.ca\/wp-content\/uploads\/2025\/03\/Similasan1200.jpg","type":"image\/jpeg"}],"twitter_card":"summary_large_image","twitter_misc":{"Estimation du temps de lecture":"1 minute"},"schema":{"@context":"https:\/\/schema.org","@graph":[{"@type":"WebPage","@id":"https:\/\/similasan.ca\/fr\/merci\/","url":"https:\/\/similasan.ca\/fr\/merci\/","name":"Merci | Similasan Canada","isPartOf":{"@id":"https:\/\/similasan.ca\/fr\/#website"},"datePublished":"2025-03-14T10:25:31+00:00","dateModified":"2025-04-02T21:53:23+00:00","description":"Similasan s'engage \u00e0 aider les familles \u00e0 se sentir mieux. Nos rem\u00e8des naturels soulagent temporairement les sympt\u00f4mes des affections oculaires, auriculaires, nasales, c\u00e9r\u00e9brales et thoraciques sans utiliser de produits chimiques agressifs.","breadcrumb":{"@id":"https:\/\/similasan.ca\/fr\/merci\/#breadcrumb"},"inLanguage":"fr-CA","potentialAction":[{"@type":"ReadAction","target":["https:\/\/similasan.ca\/fr\/merci\/"]}]},{"@type":"BreadcrumbList","@id":"https:\/\/similasan.ca\/fr\/merci\/#breadcrumb","itemListElement":[{"@type":"ListItem","position":1,"name":"Home","item":"https:\/\/similasan.ca\/fr\/"},{"@type":"ListItem","position":2,"name":"Merci"}]},{"@type":"WebSite","@id":"https:\/\/similasan.ca\/fr\/#website","url":"https:\/\/similasan.ca\/fr\/","name":"Similasan Canada","description":"Feel Good About Feeling Better\u2122","publisher":{"@id":"https:\/\/similasan.ca\/fr\/#organization"},"potentialAction":[{"@type":"SearchAction","target":{"@type":"EntryPoint","urlTemplate":"https:\/\/similasan.ca\/fr\/?s={search_term_string}"},"query-input":{"@type":"PropertyValueSpecification","valueRequired":true,"valueName":"search_term_string"}}],"inLanguage":"fr-CA"},{"@type":"Organization","@id":"https:\/\/similasan.ca\/fr\/#organization","name":"Similasan","url":"https:\/\/similasan.ca\/fr\/","logo":{"@type":"ImageObject","inLanguage":"fr-CA","@id":"https:\/\/similasan.ca\/fr\/#\/schema\/logo\/image\/","url":"https:\/\/similasan.ca\/wp-content\/uploads\/2025\/03\/Similasan696-1.jpg","contentUrl":"https:\/\/similasan.ca\/wp-content\/uploads\/2025\/03\/Similasan696-1.jpg","width":696,"height":696,"caption":"Similasan"},"image":{"@id":"https:\/\/similasan.ca\/fr\/#\/schema\/logo\/image\/"},"sameAs":["https:\/\/www.facebook.com\/Similasan"]}]}},"_links":{"self":[{"href":"https:\/\/similasan.ca\/fr\/wp-json\/wp\/v2\/pages\/1530","targetHints":{"allow":["GET"]}}],"collection":[{"href":"https:\/\/similasan.ca\/fr\/wp-json\/wp\/v2\/pages"}],"about":[{"href":"https:\/\/similasan.ca\/fr\/wp-json\/wp\/v2\/types\/page"}],"author":[{"embeddable":true,"href":"https:\/\/similasan.ca\/fr\/wp-json\/wp\/v2\/users\/1"}],"replies":[{"embeddable":true,"href":"https:\/\/similasan.ca\/fr\/wp-json\/wp\/v2\/comments?post=1530"}],"version-history":[{"count":0,"href":"https:\/\/similasan.ca\/fr\/wp-json\/wp\/v2\/pages\/1530\/revisions"}],"wp:attachment":[{"href":"https:\/\/similasan.ca\/fr\/wp-json\/wp\/v2\/media?parent=1530"}],"curies":[{"name":"wp","href":"https:\/\/api.w.org\/{rel}","templated":true}]}}