{"id":2077,"date":"2025-03-25T10:14:02","date_gmt":"2025-03-25T16:14:02","guid":{"rendered":"https:\/\/similasan.ca\/where-to-buy\/"},"modified":"2025-04-02T15:52:00","modified_gmt":"2025-04-02T21:52:00","slug":"magasiner","status":"publish","type":"page","link":"https:\/\/similasan.ca\/fr\/magasiner\/","title":{"rendered":"Magasiner"},"content":{"rendered":"<p><div class=\"fusion-fullwidth fullwidth-box fusion-builder-row-1 fusion-flex-container has-pattern-background has-mask-background nonhundred-percent-fullwidth non-hundred-percent-height-scrolling\" style=\"--awb-border-radius-top-left:0px;--awb-border-radius-top-right:0px;--awb-border-radius-bottom-right:0px;--awb-border-radius-bottom-left:0px;--awb-flex-wrap:wrap;\" ><div class=\"fusion-builder-row fusion-row fusion-flex-align-items-flex-start fusion-flex-content-wrap\" style=\"max-width:1442px;margin-left: calc(-3% \/ 2 );margin-right: calc(-3% \/ 2 );\"><div class=\"fusion-layout-column fusion_builder_column fusion-builder-column-0 fusion_builder_column_1_1 1_1 fusion-flex-column\" style=\"--awb-bg-size:cover;--awb-width-large:100%;--awb-margin-top-large:0px;--awb-spacing-right-large:1.455%;--awb-margin-bottom-large:35px;--awb-spacing-left-large:1.455%;--awb-width-medium:100%;--awb-order-medium:0;--awb-spacing-right-medium:1.455%;--awb-spacing-left-medium:1.455%;--awb-width-small:100%;--awb-order-small:0;--awb-spacing-right-small:1.455%;--awb-margin-bottom-small:10px;--awb-spacing-left-small:1.455%;\" data-scroll-devices=\"small-visibility,medium-visibility,large-visibility\"><div class=\"fusion-column-wrapper fusion-column-has-shadow fusion-flex-justify-content-flex-start fusion-content-layout-column\"><div class=\"fusion-title title fusion-title-1 fusion-sep-none fusion-title-text fusion-title-size-one\" style=\"--awb-margin-top-small:10px;--awb-margin-right-small:0px;--awb-margin-bottom-small:10px;--awb-margin-left-small:0px;\"><h1 class=\"fusion-title-heading title-heading-left fusion-responsive-typography-calculated\" style=\"margin:0;--fontSize:50;line-height:var(--awb-typography1-line-height);\">Magasiner<\/h1><\/div><\/div><\/div><\/div><\/div>\n<div class=\"fusion-fullwidth fullwidth-box fusion-builder-row-2 fusion-flex-container has-pattern-background has-mask-background nonhundred-percent-fullwidth non-hundred-percent-height-scrolling\" style=\"--awb-border-radius-top-left:0px;--awb-border-radius-top-right:0px;--awb-border-radius-bottom-right:0px;--awb-border-radius-bottom-left:0px;--awb-padding-top:20px;--awb-padding-right:20px;--awb-padding-bottom:20px;--awb-padding-left:20px;--awb-flex-wrap:wrap;\" ><div class=\"fusion-builder-row fusion-row fusion-flex-align-items-flex-start fusion-flex-content-wrap\" style=\"max-width:calc( 1400px + 0px );margin-left: calc(-0px \/ 2 );margin-right: calc(-0px \/ 2 );\"><div class=\"fusion-layout-column fusion_builder_column fusion-builder-column-1 fusion_builder_column_1_2 1_2 fusion-flex-column\" style=\"--awb-padding-right:20px;--awb-padding-left:35px;--awb-padding-left-small:7px;--awb-bg-size:cover;--awb-border-color:var(--awb-custom_color_7);--awb-border-right:1px;--awb-border-style:solid;--awb-width-large:50%;--awb-margin-top-large:0px;--awb-spacing-right-large:0px;--awb-margin-bottom-large:0px;--awb-spacing-left-large:0px;--awb-width-medium:50%;--awb-order-medium:0;--awb-spacing-right-medium:0px;--awb-spacing-left-medium:0px;--awb-width-small:100%;--awb-order-small:0;--awb-spacing-right-small:0px;--awb-spacing-left-small:0px;\" data-scroll-devices=\"small-visibility,medium-visibility,large-visibility\"><div class=\"fusion-column-wrapper fusion-column-has-shadow fusion-flex-justify-content-flex-start fusion-content-layout-column\"><div class=\"fusion-title title fusion-title-2 fusion-sep-none fusion-title-text fusion-title-size-two\" style=\"--awb-margin-top-small:10px;--awb-margin-right-small:0px;--awb-margin-bottom-small:10px;--awb-margin-left-small:0px;\"><h2 class=\"fusion-title-heading title-heading-left fusion-responsive-typography-calculated\" style=\"margin:0;--fontSize:40;line-height:var(--awb-typography1-line-height);\">Localisateur de magasins<\/h2><\/div><div id=\"product\"><a name=\"product\"><\/a><\/div>\n<form class=\"auto-submit store-finder-form\" action=\"\" method=\"get\" id=\"store-finder\" accept-charset=\"UTF-8\"><label for=\"edit-product-id\">1. Choisissez le produit que vous recherchez.<\/label><select id=\"edit-product-id\" name=\"product-id\" class\"form-select\" onchange=\"if(this.value != 0) { this.form.submit(); }\"><option value=\"All\">Choisissez un produit<\/option><option value=\"1866\">Rem\u00e8de pour le bourdonnement des oreilles<\/option><option value=\"1938\">Soulagement complet des yeux<\/option><option value=\"1969\">Soulagement de la conjonctivite<sup>MC<\/sup><\/option><option value=\"2017\">Soulagement de la conjonctivite<sup>MC<\/sup> (usage unique)<\/option><option value=\"2047\">Soulagement Des Orgelets<\/option><option value=\"2032\">Soulagement des orgelets (usage unique)<\/option><option value=\"1987\">Soulagement des rougeurs &#038; d\u00e9mangeaisons oculairess<\/option><option value=\"1918\">Soulagement Des Yeux Irrit\u00e9s Par L\u2019allergie<sup>MC<\/sup><\/option><option value=\"2002\">Soulagement des yeux irrit\u00e9s par l\u2019allergie\u2122 (usage unique)<\/option><option value=\"1954\">Soulagement Des Yeux Secs<sup>MC<\/sup><\/option><option value=\"1879\">Soulagement du mal d\u2019oreilleo<\/option><option value=\"2177\">Spray Mer Vaporisateur Nettoyant pour les Oreilles<\/option><option value=\"1839\">Trousse pour L\u2019\u00e9limination de C\u00e9rumen<\/option><select><\/form><div id=\"stores\"><a name=\"stores\"><\/a><\/div>\n<div id=\"map\"><a name=\"map\" id=\"map\"><\/a>\n<iframe src=\"\" width=\"100%\" height=\"550\" frameborder=\"0\" style=\"border:0\" name=\"mapframe\" scrolling=\"no\" allowfullscreen=\"\"><\/iframe>\n<\/div><script>\njQuery(function ($) {\n        $(document).ready(function (){\n            $(\"a#maplink\").click(function (){\n                $('html, body').animate({\n                    scrollTop: $(\"#map\").offset().top - 140\n                }, 2000);\n            });\n            $(\"a#stores\").click(function (){\n                $('html, body').animate({\n                    scrollTop: $(\"#stores\").offset().top - 140\n                }, 2000);\n            });\n           $(\"a#product\").click(function (){\n                $('html, body').animate({\n                    scrollTop: $(\"#product\").offset().top - 140\n                }, 2000);\n            });\n        });\n});\n<\/script><\/div><\/div><div class=\"fusion-layout-column fusion_builder_column fusion-builder-column-2 fusion_builder_column_1_2 1_2 fusion-flex-column\" style=\"--awb-padding-right:35px;--awb-padding-left:20px;--awb-padding-right-small:7px;--awb-padding-left-small:35px;--awb-bg-size:cover;--awb-width-large:50%;--awb-margin-top-large:0px;--awb-spacing-right-large:0px;--awb-margin-bottom-large:0px;--awb-spacing-left-large:0px;--awb-width-medium:50%;--awb-order-medium:0;--awb-spacing-right-medium:0px;--awb-spacing-left-medium:0px;--awb-width-small:100%;--awb-order-small:0;--awb-spacing-right-small:0px;--awb-spacing-left-small:0px;\" data-scroll-devices=\"small-visibility,medium-visibility,large-visibility\"><div class=\"fusion-column-wrapper fusion-column-has-shadow fusion-flex-justify-content-flex-start fusion-content-layout-column\"><div class=\"fusion-title title fusion-title-3 fusion-sep-none fusion-title-text fusion-title-size-two\" style=\"--awb-margin-top-small:10px;--awb-margin-right-small:0px;--awb-margin-bottom-small:10px;--awb-margin-left-small:0px;\"><h2 class=\"fusion-title-heading title-heading-left fusion-responsive-typography-calculated\" style=\"margin:0;--fontSize:40;line-height:var(--awb-typography1-line-height);\">Acheter en ligne<\/h2><\/div><div class=\"fusion-builder-row fusion-builder-row-inner fusion-row fusion-flex-align-items-flex-start fusion-flex-content-wrap\" style=\"--awb-flex-grow:0;--awb-flex-grow-medium:0;--awb-flex-grow-small:0;--awb-flex-shrink:0;--awb-flex-shrink-medium:0;--awb-flex-shrink-small:0;width:calc( 100% + 0px ) !important;max-width:calc( 100% + 0px ) !important;margin-left: calc(-0px \/ 2 );margin-right: calc(-0px \/ 2 );\"><div class=\"fusion-layout-column fusion_builder_column_inner fusion-builder-nested-column-0 fusion_builder_column_inner_1_1 1_1 fusion-flex-column\" style=\"--awb-bg-size:cover;--awb-width-large:100%;--awb-margin-top-large:0px;--awb-spacing-right-large:0px;--awb-margin-bottom-large:0px;--awb-spacing-left-large:0px;--awb-width-medium:100%;--awb-order-medium:0;--awb-spacing-right-medium:0px;--awb-spacing-left-medium:0px;--awb-width-small:100%;--awb-order-small:0;--awb-spacing-right-small:0px;--awb-spacing-left-small:0px;\" data-scroll-devices=\"small-visibility,medium-visibility,large-visibility\"><div class=\"fusion-column-wrapper fusion-column-has-shadow fusion-flex-justify-content-flex-start fusion-content-layout-row\"><div class=\"fusion-text fusion-text-1\"><p><a href=\"https:\/\/www.amazon.ca\/s?k=similasan&amp;ref=nb_sb_noss_1\" target=\"_blank\" rel=\"noopener\"><img decoding=\"async\" class=\"alignnone size-full wp-image-1632\" src=\"https:\/\/similasan.ca\/wp-content\/uploads\/2025\/03\/webstore_Amazon-ca.jpg\" alt=\"\" width=\"120\" height=\"75\" \/><\/a> \u00a0 <a href=\"https:\/\/www.loblaws.ca\/search?search-bar=similasan\" target=\"_blank\" rel=\"noopener\"><img decoding=\"async\" class=\"alignnone size-full wp-image-1618\" src=\"https:\/\/similasan.ca\/wp-content\/uploads\/2025\/03\/webstore_Loblaws.jpg\" alt=\"Loblaws\" width=\"120\" height=\"75\" \/><\/a> \u00a0<a href=\"https:\/\/shop.shoppersdrugmart.ca\/Shop\/Similasan\/c\/SIMILASAN?sort=trending&amp;page=0\" target=\"_blank\" rel=\"noopener\"><img decoding=\"async\" class=\"alignnone size-full wp-image-1626\" src=\"https:\/\/similasan.ca\/wp-content\/uploads\/2025\/03\/webstore_Shoppers-Drug.jpg\" alt=\"\" width=\"120\" height=\"75\" \/><\/a> \u00a0<a href=\"https:\/\/www.londondrugs.com\/search\/?q=similasan&amp;lang=default\" target=\"_blank\" rel=\"noopener\"><img decoding=\"async\" class=\"alignnone size-full wp-image-1620\" src=\"https:\/\/similasan.ca\/wp-content\/uploads\/2025\/03\/webstore_London-Drugs.jpg\" alt=\"\" width=\"120\" height=\"75\" \/><\/a>\u00a0 <a href=\"https:\/\/www.realcanadiansuperstore.ca\/search?search-bar=similasan\" target=\"_blank\" rel=\"noopener\"><img decoding=\"async\" class=\"alignnone size-full wp-image-1622\" src=\"https:\/\/similasan.ca\/wp-content\/uploads\/2025\/03\/webstore_Real-Canadian.jpg\" alt=\"Real Canadian Superstore\" width=\"120\" height=\"75\" \/><\/a> \u00a0<a href=\"https:\/\/www.walmart.ca\/search\/similasan\" target=\"_blank\" rel=\"noopener\"><img decoding=\"async\" class=\"alignnone size-full wp-image-561\" src=\"https:\/\/similasan.ca\/wp-content\/uploads\/2025\/03\/webstore_Walmart.jpg\" alt=\"\" width=\"120\" height=\"75\" \/><\/a> <a href=\"https:\/\/well.ca\/searchresult.html?keyword=similasan\" target=\"_blank\" rel=\"noopener\"><img decoding=\"async\" class=\"alignnone size-full wp-image-1630\" src=\"https:\/\/similasan.ca\/wp-content\/uploads\/2025\/03\/webstore_Well.jpg\" alt=\"Well.ca\" width=\"120\" height=\"75\" \/><\/a><\/p>\n<\/div><\/div><\/div><\/div><\/div><\/div><\/div><\/div><\/p>\n","protected":false},"excerpt":{"rendered":"","protected":false},"author":1,"featured_media":0,"parent":0,"menu_order":3,"comment_status":"closed","ping_status":"closed","template":"100-width.php","meta":{"_acf_changed":false,"footnotes":""},"class_list":["post-2077","page","type-page","status-publish","hentry"],"acf":[],"yoast_head":"<!-- This site is optimized with the Yoast SEO plugin v27.4 - https:\/\/yoast.com\/product\/yoast-seo-wordpress\/ -->\n<title>Magasiner | Similasan Canada<\/title>\n<meta name=\"description\" content=\"Similasan s&#039;engage \u00e0 aider les familles \u00e0 se sentir mieux. Nos rem\u00e8des naturels soulagent temporairement les sympt\u00f4mes des affections oculaires, auriculaires, nasales, c\u00e9r\u00e9brales et thoraciques sans utiliser de produits chimiques agressifs.\" \/>\n<meta name=\"robots\" content=\"index, follow, max-snippet:-1, max-image-preview:large, max-video-preview:-1\" \/>\n<link rel=\"canonical\" href=\"https:\/\/similasan.ca\/fr\/magasiner\/\" \/>\n<meta property=\"og:locale\" content=\"fr_CA\" \/>\n<meta property=\"og:type\" content=\"article\" \/>\n<meta property=\"og:title\" content=\"Magasiner | Similasan Canada\" \/>\n<meta property=\"og:description\" content=\"Similasan s&#039;engage \u00e0 aider les familles \u00e0 se sentir mieux. Nos rem\u00e8des naturels soulagent temporairement les sympt\u00f4mes des affections oculaires, auriculaires, nasales, c\u00e9r\u00e9brales et thoraciques sans utiliser de produits chimiques agressifs.\" \/>\n<meta property=\"og:url\" content=\"https:\/\/similasan.ca\/fr\/magasiner\/\" \/>\n<meta property=\"og:site_name\" content=\"Similasan Canada\" \/>\n<meta property=\"article:publisher\" content=\"https:\/\/www.facebook.com\/Similasan\" \/>\n<meta property=\"article:modified_time\" content=\"2025-04-02T21:52:00+00:00\" \/>\n<meta property=\"og:image\" content=\"https:\/\/similasan.ca\/wp-content\/uploads\/2025\/03\/webstore_Amazon-ca.jpg\" \/>\n\t<meta property=\"og:image:width\" content=\"120\" \/>\n\t<meta property=\"og:image:height\" content=\"75\" \/>\n\t<meta property=\"og:image:type\" content=\"image\/jpeg\" \/>\n<meta name=\"twitter:card\" content=\"summary_large_image\" \/>\n<meta name=\"twitter:label1\" content=\"Estimation du temps de lecture\" \/>\n\t<meta name=\"twitter:data1\" content=\"2 minutes\" \/>\n<script type=\"application\/ld+json\" class=\"yoast-schema-graph\">{\"@context\":\"https:\\\/\\\/schema.org\",\"@graph\":[{\"@type\":\"WebPage\",\"@id\":\"https:\\\/\\\/similasan.ca\\\/fr\\\/magasiner\\\/\",\"url\":\"https:\\\/\\\/similasan.ca\\\/fr\\\/magasiner\\\/\",\"name\":\"Magasiner | Similasan Canada\",\"isPartOf\":{\"@id\":\"https:\\\/\\\/similasan.ca\\\/fr\\\/#website\"},\"primaryImageOfPage\":{\"@id\":\"https:\\\/\\\/similasan.ca\\\/fr\\\/magasiner\\\/#primaryimage\"},\"image\":{\"@id\":\"https:\\\/\\\/similasan.ca\\\/fr\\\/magasiner\\\/#primaryimage\"},\"thumbnailUrl\":\"https:\\\/\\\/similasan.ca\\\/wp-content\\\/uploads\\\/2025\\\/03\\\/webstore_Amazon-ca.jpg\",\"datePublished\":\"2025-03-25T16:14:02+00:00\",\"dateModified\":\"2025-04-02T21:52:00+00:00\",\"description\":\"Similasan s'engage \u00e0 aider les familles \u00e0 se sentir mieux. Nos rem\u00e8des naturels soulagent temporairement les sympt\u00f4mes des affections oculaires, auriculaires, nasales, c\u00e9r\u00e9brales et thoraciques sans utiliser de produits chimiques agressifs.\",\"breadcrumb\":{\"@id\":\"https:\\\/\\\/similasan.ca\\\/fr\\\/magasiner\\\/#breadcrumb\"},\"inLanguage\":\"fr-CA\",\"potentialAction\":[{\"@type\":\"ReadAction\",\"target\":[\"https:\\\/\\\/similasan.ca\\\/fr\\\/magasiner\\\/\"]}]},{\"@type\":\"ImageObject\",\"inLanguage\":\"fr-CA\",\"@id\":\"https:\\\/\\\/similasan.ca\\\/fr\\\/magasiner\\\/#primaryimage\",\"url\":\"https:\\\/\\\/similasan.ca\\\/wp-content\\\/uploads\\\/2025\\\/03\\\/webstore_Amazon-ca.jpg\",\"contentUrl\":\"https:\\\/\\\/similasan.ca\\\/wp-content\\\/uploads\\\/2025\\\/03\\\/webstore_Amazon-ca.jpg\"},{\"@type\":\"BreadcrumbList\",\"@id\":\"https:\\\/\\\/similasan.ca\\\/fr\\\/magasiner\\\/#breadcrumb\",\"itemListElement\":[{\"@type\":\"ListItem\",\"position\":1,\"name\":\"Home\",\"item\":\"https:\\\/\\\/similasan.ca\\\/fr\\\/\"},{\"@type\":\"ListItem\",\"position\":2,\"name\":\"Magasiner\"}]},{\"@type\":\"WebSite\",\"@id\":\"https:\\\/\\\/similasan.ca\\\/fr\\\/#website\",\"url\":\"https:\\\/\\\/similasan.ca\\\/fr\\\/\",\"name\":\"Similasan Canada\",\"description\":\"Feel Good About Feeling Better\u2122\",\"publisher\":{\"@id\":\"https:\\\/\\\/similasan.ca\\\/fr\\\/#organization\"},\"potentialAction\":[{\"@type\":\"SearchAction\",\"target\":{\"@type\":\"EntryPoint\",\"urlTemplate\":\"https:\\\/\\\/similasan.ca\\\/fr\\\/?s={search_term_string}\"},\"query-input\":{\"@type\":\"PropertyValueSpecification\",\"valueRequired\":true,\"valueName\":\"search_term_string\"}}],\"inLanguage\":\"fr-CA\"},{\"@type\":\"Organization\",\"@id\":\"https:\\\/\\\/similasan.ca\\\/fr\\\/#organization\",\"name\":\"Similasan\",\"url\":\"https:\\\/\\\/similasan.ca\\\/fr\\\/\",\"logo\":{\"@type\":\"ImageObject\",\"inLanguage\":\"fr-CA\",\"@id\":\"https:\\\/\\\/similasan.ca\\\/fr\\\/#\\\/schema\\\/logo\\\/image\\\/\",\"url\":\"https:\\\/\\\/similasan.ca\\\/wp-content\\\/uploads\\\/2025\\\/03\\\/Similasan696-1.jpg\",\"contentUrl\":\"https:\\\/\\\/similasan.ca\\\/wp-content\\\/uploads\\\/2025\\\/03\\\/Similasan696-1.jpg\",\"width\":696,\"height\":696,\"caption\":\"Similasan\"},\"image\":{\"@id\":\"https:\\\/\\\/similasan.ca\\\/fr\\\/#\\\/schema\\\/logo\\\/image\\\/\"},\"sameAs\":[\"https:\\\/\\\/www.facebook.com\\\/Similasan\"]}]}<\/script>\n<!-- \/ Yoast SEO plugin. -->","yoast_head_json":{"title":"Magasiner | Similasan Canada","description":"Similasan s'engage \u00e0 aider les familles \u00e0 se sentir mieux. Nos rem\u00e8des naturels soulagent temporairement les sympt\u00f4mes des affections oculaires, auriculaires, nasales, c\u00e9r\u00e9brales et thoraciques sans utiliser de produits chimiques agressifs.","robots":{"index":"index","follow":"follow","max-snippet":"max-snippet:-1","max-image-preview":"max-image-preview:large","max-video-preview":"max-video-preview:-1"},"canonical":"https:\/\/similasan.ca\/fr\/magasiner\/","og_locale":"fr_CA","og_type":"article","og_title":"Magasiner | Similasan Canada","og_description":"Similasan s'engage \u00e0 aider les familles \u00e0 se sentir mieux. Nos rem\u00e8des naturels soulagent temporairement les sympt\u00f4mes des affections oculaires, auriculaires, nasales, c\u00e9r\u00e9brales et thoraciques sans utiliser de produits chimiques agressifs.","og_url":"https:\/\/similasan.ca\/fr\/magasiner\/","og_site_name":"Similasan Canada","article_publisher":"https:\/\/www.facebook.com\/Similasan","article_modified_time":"2025-04-02T21:52:00+00:00","og_image":[{"width":120,"height":75,"url":"https:\/\/similasan.ca\/wp-content\/uploads\/2025\/03\/webstore_Amazon-ca.jpg","type":"image\/jpeg"}],"twitter_card":"summary_large_image","twitter_misc":{"Estimation du temps de lecture":"2 minutes"},"schema":{"@context":"https:\/\/schema.org","@graph":[{"@type":"WebPage","@id":"https:\/\/similasan.ca\/fr\/magasiner\/","url":"https:\/\/similasan.ca\/fr\/magasiner\/","name":"Magasiner | Similasan Canada","isPartOf":{"@id":"https:\/\/similasan.ca\/fr\/#website"},"primaryImageOfPage":{"@id":"https:\/\/similasan.ca\/fr\/magasiner\/#primaryimage"},"image":{"@id":"https:\/\/similasan.ca\/fr\/magasiner\/#primaryimage"},"thumbnailUrl":"https:\/\/similasan.ca\/wp-content\/uploads\/2025\/03\/webstore_Amazon-ca.jpg","datePublished":"2025-03-25T16:14:02+00:00","dateModified":"2025-04-02T21:52:00+00:00","description":"Similasan s'engage \u00e0 aider les familles \u00e0 se sentir mieux. Nos rem\u00e8des naturels soulagent temporairement les sympt\u00f4mes des affections oculaires, auriculaires, nasales, c\u00e9r\u00e9brales et thoraciques sans utiliser de produits chimiques agressifs.","breadcrumb":{"@id":"https:\/\/similasan.ca\/fr\/magasiner\/#breadcrumb"},"inLanguage":"fr-CA","potentialAction":[{"@type":"ReadAction","target":["https:\/\/similasan.ca\/fr\/magasiner\/"]}]},{"@type":"ImageObject","inLanguage":"fr-CA","@id":"https:\/\/similasan.ca\/fr\/magasiner\/#primaryimage","url":"https:\/\/similasan.ca\/wp-content\/uploads\/2025\/03\/webstore_Amazon-ca.jpg","contentUrl":"https:\/\/similasan.ca\/wp-content\/uploads\/2025\/03\/webstore_Amazon-ca.jpg"},{"@type":"BreadcrumbList","@id":"https:\/\/similasan.ca\/fr\/magasiner\/#breadcrumb","itemListElement":[{"@type":"ListItem","position":1,"name":"Home","item":"https:\/\/similasan.ca\/fr\/"},{"@type":"ListItem","position":2,"name":"Magasiner"}]},{"@type":"WebSite","@id":"https:\/\/similasan.ca\/fr\/#website","url":"https:\/\/similasan.ca\/fr\/","name":"Similasan Canada","description":"Feel Good About Feeling Better\u2122","publisher":{"@id":"https:\/\/similasan.ca\/fr\/#organization"},"potentialAction":[{"@type":"SearchAction","target":{"@type":"EntryPoint","urlTemplate":"https:\/\/similasan.ca\/fr\/?s={search_term_string}"},"query-input":{"@type":"PropertyValueSpecification","valueRequired":true,"valueName":"search_term_string"}}],"inLanguage":"fr-CA"},{"@type":"Organization","@id":"https:\/\/similasan.ca\/fr\/#organization","name":"Similasan","url":"https:\/\/similasan.ca\/fr\/","logo":{"@type":"ImageObject","inLanguage":"fr-CA","@id":"https:\/\/similasan.ca\/fr\/#\/schema\/logo\/image\/","url":"https:\/\/similasan.ca\/wp-content\/uploads\/2025\/03\/Similasan696-1.jpg","contentUrl":"https:\/\/similasan.ca\/wp-content\/uploads\/2025\/03\/Similasan696-1.jpg","width":696,"height":696,"caption":"Similasan"},"image":{"@id":"https:\/\/similasan.ca\/fr\/#\/schema\/logo\/image\/"},"sameAs":["https:\/\/www.facebook.com\/Similasan"]}]}},"_links":{"self":[{"href":"https:\/\/similasan.ca\/fr\/wp-json\/wp\/v2\/pages\/2077","targetHints":{"allow":["GET"]}}],"collection":[{"href":"https:\/\/similasan.ca\/fr\/wp-json\/wp\/v2\/pages"}],"about":[{"href":"https:\/\/similasan.ca\/fr\/wp-json\/wp\/v2\/types\/page"}],"author":[{"embeddable":true,"href":"https:\/\/similasan.ca\/fr\/wp-json\/wp\/v2\/users\/1"}],"replies":[{"embeddable":true,"href":"https:\/\/similasan.ca\/fr\/wp-json\/wp\/v2\/comments?post=2077"}],"version-history":[{"count":0,"href":"https:\/\/similasan.ca\/fr\/wp-json\/wp\/v2\/pages\/2077\/revisions"}],"wp:attachment":[{"href":"https:\/\/similasan.ca\/fr\/wp-json\/wp\/v2\/media?parent=2077"}],"curies":[{"name":"wp","href":"https:\/\/api.w.org\/{rel}","templated":true}]}}